{"id":17638,"date":"2026-03-06T07:07:14","date_gmt":"2026-03-06T07:07:14","guid":{"rendered":"https:\/\/www.leerervape.com\/?post_type=product&#038;p=17638"},"modified":"2026-04-10T07:50:55","modified_gmt":"2026-04-10T07:50:55","slug":"guenstige-leere-vapes-im-grosshandel-grab-dab-v3-2g-einweg-vape","status":"publish","type":"product","link":"https:\/\/www.leerervape.com\/en\/product\/guenstige-leere-vapes-im-grosshandel-grab-dab-v3-2g-einweg-vape\/","title":{"rendered":"affordable empty vape bulk | grab dab v3 2g disposable"},"content":{"rendered":"<div data-elementor-type=\"product-post\" data-elementor-id=\"17638\" class=\"elementor elementor-17638\" data-elementor-post-type=\"product\">\n\t\t\t\t<div class=\"wd-negative-gap elementor-element elementor-element-29a8913a e-flex e-con-boxed e-con e-parent\" data-id=\"29a8913a\" data-element_type=\"container\">\n\t\t\t\t\t<div class=\"e-con-inner\">\n\t\t\t\t<div class=\"elementor-element elementor-element-3a3817b2 color-scheme-inherit text-left elementor-widget elementor-widget-text-editor\" data-id=\"3a3817b2\" data-element_type=\"widget\" data-widget_type=\"text-editor.default\">\n\t\t\t\t<div class=\"elementor-widget-container\">\n\t\t\t\t\t\t\t\t\tDer Grab Dab V3 2g Einweg-Vape ist ein g\u00fcnstiger leerer Vape im Gro\u00dfhandel, ideal f\u00fcr Marken, Abf\u00fcller und Distributoren, die ein flexibles und hochwertiges Ger\u00e4t suchen. Als Empty Vape (ohne \u00d6l) bietet dieses Modell maximale Freiheit f\u00fcr individuelle Bef\u00fcllungen, OEM-Projekte und Private-Label-Programme.\r\n\r\nMit einer 2 g Kapazit\u00e4t, stabiler Heiztechnologie und robuster Verarbeitung liefert der Grab Dab V3 eine gleichm\u00e4\u00dfige Dampfentwicklung und zuverl\u00e4ssige Performance bis zum letzten Zug. Das moderne und kompakte Design sorgt f\u00fcr hohe Marktattraktivit\u00e4t und passt zu aktuellen Vape-Trends.\r\n\r\nEine ideale Wahl f\u00fcr H\u00e4ndler, die kosteng\u00fcnstige, hochwertige und schnell verk\u00e4ufliche Empty Vapes in Bulk anbieten m\u00f6chten.\t\t\t\t\t\t\t\t<\/div>\n\t\t\t\t<\/div>\n\t\t\t\t\t<\/div>\n\t\t\t\t<\/div>\n\t\t<div class=\"wd-negative-gap elementor-element elementor-element-47ec893b e-flex e-con-boxed e-con e-parent\" data-id=\"47ec893b\" data-element_type=\"container\">\n\t\t\t\t\t<div class=\"e-con-inner\">\n\t\t\t\t<div class=\"elementor-element elementor-element-1e7022cf elementor-widget__width-initial elementor-widget elementor-widget-wd_text_block\" data-id=\"1e7022cf\" data-element_type=\"widget\" data-widget_type=\"wd_text_block.default\">\n\t\t\t\t<div class=\"elementor-widget-container\">\n\t\t\t\t\t\t\t<div class=\"wd-text-block reset-last-child text-left\">\n\t\t\t\n\t\t\t<h1>Grab Dab V3 10 flavors<\/h1><table style=\"border-collapse: collapse; width: 390.02pt;\" border=\"0\" width=\"520\" cellspacing=\"0\" cellpadding=\"0\"><tbody><tr style=\"height: 17.00pt;\"><td class=\"et4\" style=\"height: 17.00pt; width: 390.60pt;\" width=\"520\" height=\"22\">JELLY DVLCE<\/td><\/tr><tr style=\"height: 17.00pt;\"><td class=\"et5\" style=\"height: 17.00pt; width: 390.60pt;\" width=\"520\" height=\"22\">APPLE SLUSHIE<\/td><\/tr><tr style=\"height: 17.00pt;\"><td class=\"et6\" style=\"height: 17.00pt;\" height=\"22\">TANGEINE SVNRISE<\/td><\/tr><tr style=\"height: 17.00pt;\"><td class=\"et6\" style=\"height: 17.00pt;\" height=\"22\">CHERRY COLA<\/td><\/tr><tr style=\"height: 17.00pt;\"><td class=\"et6\" style=\"height: 17.00pt;\" height=\"22\">FRUIT SMASH<\/td><\/tr><tr style=\"height: 17.00pt;\"><td class=\"et6\" style=\"height: 17.00pt;\" height=\"22\">LYCHEE MART\"NI<\/td><\/tr><tr style=\"height: 17.00pt;\"><td class=\"et6\" style=\"height: 17.00pt;\" height=\"22\">LEMON SNOOZE<\/td><\/tr><tr style=\"height: 17.00pt;\"><td class=\"et6\" style=\"height: 17.00pt;\" height=\"22\">RASPBERRY LEMONADE<\/td><\/tr><tr style=\"height: 17.00pt;\"><td class=\"et4\" style=\"height: 17.00pt; width: 390.60pt;\" width=\"520\" height=\"22\">BURMESE MIMOSA<\/td><\/tr><tr style=\"height: 17.00pt;\"><td class=\"et4\" style=\"height: 17.00pt; width: 390.60pt;\" width=\"520\" height=\"22\">BLUE CHERRY GELATO<\/td><\/tr><\/tbody><\/table><p><\/p>\n\t\t\t\t\t<\/div>\n\t\t\t\t\t\t<\/div>\n\t\t\t\t<\/div>\n\t\t\t\t<div class=\"elementor-element elementor-element-79aa63ab elementor-widget__width-initial elementor-widget elementor-widget-wd_image_or_svg\" data-id=\"79aa63ab\" data-element_type=\"widget\" data-widget_type=\"wd_image_or_svg.default\">\n\t\t\t\t<div class=\"elementor-widget-container\">\n\t\t\t\t\t\n\t\t<div class=\"wd-image text-left\">\n\t\t\t\t\t\t\t\t<img fetchpriority=\"high\" decoding=\"async\" width=\"1000\" height=\"1000\" src=\"https:\/\/www.leerervape.com\/wp-content\/uploads\/2026\/03\/22-2.jpg\" class=\"attachment-full size-full\" alt=\"\" srcset=\"https:\/\/www.leerervape.com\/wp-content\/uploads\/2026\/03\/22-2.jpg 1000w, https:\/\/www.leerervape.com\/wp-content\/uploads\/2026\/03\/22-2-300x300.jpg 300w, https:\/\/www.leerervape.com\/wp-content\/uploads\/2026\/03\/22-2-800x800.jpg 800w, https:\/\/www.leerervape.com\/wp-content\/uploads\/2026\/03\/22-2-150x150.jpg 150w, https:\/\/www.leerervape.com\/wp-content\/uploads\/2026\/03\/22-2-768x768.jpg 768w, https:\/\/www.leerervape.com\/wp-content\/uploads\/2026\/03\/22-2-12x12.jpg 12w, https:\/\/www.leerervape.com\/wp-content\/uploads\/2026\/03\/22-2-430x430.jpg 430w, https:\/\/www.leerervape.com\/wp-content\/uploads\/2026\/03\/22-2-700x700.jpg 700w\" sizes=\"(max-width: 1000px) 100vw, 1000px\" \/>\t\t\t\t\t<\/div>\n\n\t\t\t\t\t\t<\/div>\n\t\t\t\t<\/div>\n\t\t\t\t\t<\/div>\n\t\t\t\t<\/div>\n\t\t\t\t<\/div>","protected":false},"excerpt":{"rendered":"<p>Der Grab Dab V3 2g Einweg-Vape ist ein g\u00fcnstiger leerer Vape im Gro\u00dfhandel, ideal f\u00fcr Marken, Abf\u00fcller und Distributoren, die<\/p>","protected":false},"featured_media":17639,"comment_status":"open","ping_status":"closed","template":"","meta":[],"product_brand":[177],"product_cat":[30,176,175],"product_tag":[],"class_list":{"0":"post-17638","1":"product","2":"type-product","3":"status-publish","4":"has-post-thumbnail","6":"product_brand-grab-dab-vape","7":"product_cat-leerer-2g-vape","8":"product_cat-grab-dab-einweg-vapes-im-grosshandel","9":"product_cat-grab-dab-vapes-im-grosshandel","11":"first","12":"instock","13":"sale","14":"shipping-taxable","15":"purchasable","16":"product-type-simple"},"_links":{"self":[{"href":"https:\/\/www.leerervape.com\/en\/wp-json\/wp\/v2\/product\/17638","targetHints":{"allow":["GET"]}}],"collection":[{"href":"https:\/\/www.leerervape.com\/en\/wp-json\/wp\/v2\/product"}],"about":[{"href":"https:\/\/www.leerervape.com\/en\/wp-json\/wp\/v2\/types\/product"}],"replies":[{"embeddable":true,"href":"https:\/\/www.leerervape.com\/en\/wp-json\/wp\/v2\/comments?post=17638"}],"version-history":[{"count":4,"href":"https:\/\/www.leerervape.com\/en\/wp-json\/wp\/v2\/product\/17638\/revisions"}],"predecessor-version":[{"id":18388,"href":"https:\/\/www.leerervape.com\/en\/wp-json\/wp\/v2\/product\/17638\/revisions\/18388"}],"wp:featuredmedia":[{"embeddable":true,"href":"https:\/\/www.leerervape.com\/en\/wp-json\/wp\/v2\/media\/17639"}],"wp:attachment":[{"href":"https:\/\/www.leerervape.com\/en\/wp-json\/wp\/v2\/media?parent=17638"}],"wp:term":[{"taxonomy":"product_brand","embeddable":true,"href":"https:\/\/www.leerervape.com\/en\/wp-json\/wp\/v2\/product_brand?post=17638"},{"taxonomy":"product_cat","embeddable":true,"href":"https:\/\/www.leerervape.com\/en\/wp-json\/wp\/v2\/product_cat?post=17638"},{"taxonomy":"product_tag","embeddable":true,"href":"https:\/\/www.leerervape.com\/en\/wp-json\/wp\/v2\/product_tag?post=17638"}],"curies":[{"name":"wp","href":"https:\/\/api.w.org\/{rel}","templated":true}]}}