{"id":17626,"date":"2026-03-06T06:25:45","date_gmt":"2026-03-06T06:25:45","guid":{"rendered":"https:\/\/www.leerervape.com\/?post_type=product&#038;p=17626"},"modified":"2026-04-10T07:53:21","modified_gmt":"2026-04-10T07:53:21","slug":"guenstiger-dual-kammer-einweg-vape-mit-led-display-direkt-vom-hersteller-im-grosshandel-whole-melt-v8-2g-vape","status":"publish","type":"product","link":"https:\/\/www.leerervape.com\/en\/product\/guenstiger-dual-kammer-einweg-vape-mit-led-display-direkt-vom-hersteller-im-grosshandel-whole-melt-v8-2g-vape\/","title":{"rendered":"wholesale cheap manufacturer dual chamber disposable with led screen | whole melt v8 vape 2g"},"content":{"rendered":"<div data-elementor-type=\"product-post\" data-elementor-id=\"17626\" class=\"elementor elementor-17626\" data-elementor-post-type=\"product\">\n\t\t\t\t<div class=\"wd-negative-gap elementor-element elementor-element-66be3219 e-flex e-con-boxed e-con e-parent\" data-id=\"66be3219\" data-element_type=\"container\">\n\t\t\t\t\t<div class=\"e-con-inner\">\n\t\t\t\t<div class=\"elementor-element elementor-element-59dceb19 color-scheme-inherit text-left elementor-widget elementor-widget-text-editor\" data-id=\"59dceb19\" data-element_type=\"widget\" data-widget_type=\"text-editor.default\">\n\t\t\t\t<div class=\"elementor-widget-container\">\n\t\t\t\t\t\t\t\t\tDer Whole Melt V8 2g Vape ist ein preiswerter Dual-Kammer Einweg-Vape mit LED-Display, der direkt vom Hersteller im Gro\u00dfhandel erh\u00e4ltlich ist. Dieses Modell kombiniert modernes Design mit praktischer Funktionalit\u00e4t und eignet sich ideal f\u00fcr H\u00e4ndler, Distributoren und Marken, die innovative Vape-Ger\u00e4te in Bulk anbieten m\u00f6chten.\r\n\r\nDank des fortschrittlichen Dual-Kammer-Systems k\u00f6nnen zwei verschiedene \u00d6le oder Geschmacksrichtungen in einem Ger\u00e4t verwendet werden, was f\u00fcr mehr Vielfalt und ein flexibles Nutzungserlebnis sorgt. Das integrierte LED-Display verleiht dem Vape eine moderne Optik und erh\u00f6ht seine Attraktivit\u00e4t im Verkaufsregal.\r\n\r\nMit einer 2 g Kapazit\u00e4t, stabiler Heiztechnologie und hochwertiger Verarbeitung bietet der Whole Melt V8 eine gleichm\u00e4\u00dfige Dampfentwicklung und zuverl\u00e4ssige Performance. Die Kombination aus attraktivem Preis, innovativer Technologie und direkter Herstellerlieferung macht dieses Modell zu einer ausgezeichneten Wahl f\u00fcr Gro\u00dfhandel, Bulk-Bestellungen und Private-Label-Projekte.\t\t\t\t\t\t\t\t<\/div>\n\t\t\t\t<\/div>\n\t\t\t\t\t<\/div>\n\t\t\t\t<\/div>\n\t\t<div class=\"wd-negative-gap elementor-element elementor-element-22e9632a e-flex e-con-boxed e-con e-parent\" data-id=\"22e9632a\" data-element_type=\"container\">\n\t\t\t\t\t<div class=\"e-con-inner\">\n\t\t\t\t<div class=\"elementor-element elementor-element-511c6a63 elementor-widget__width-initial elementor-widget elementor-widget-wd_text_block\" data-id=\"511c6a63\" data-element_type=\"widget\" data-widget_type=\"wd_text_block.default\">\n\t\t\t\t<div class=\"elementor-widget-container\">\n\t\t\t\t\t\t\t<div class=\"wd-text-block reset-last-child text-left\">\n\t\t\t\n\t\t\t<h1>Whole Melt V8 10 dual flavors<\/h1><table width=\"520\"><tbody><tr><td width=\"520\">WHITE GRAPE OG\u00a0 + PEAR TAHTZ<\/td><\/tr><tr><td width=\"520\">TAHOE RUNTZ + GREEN GUSHERZ<\/td><\/tr><tr><td width=\"520\">CITRUS COSMOS + PLATINUM OG<\/td><\/tr><tr><td width=\"520\">SUNDAY MIMOSA + HAN SOLO BURGER<\/td><\/tr><tr><td width=\"520\">BLUEBERRY DAIPUINI + LYCHEE STRUDEL<\/td><\/tr><tr><td width=\"520\">PINEAPPLE PEACHES + STRAWBERRY COUGHLIN<\/td><\/tr><tr><td width=\"520\">REDVELVET RUNTZ + NANA MAC<\/td><\/tr><tr><td width=\"520\">CHERRY MAC11\u00a0 + JOY DIVISION<\/td><\/tr><tr><td width=\"520\">PINK PAPAYA\u00a0 + MAO MELONS<\/td><\/tr><tr><td width=\"520\">DRAGONFRUIT SUNRISE + GRAPE CHEAM CAKE<\/td><\/tr><\/tbody><\/table><p>\u00a0<\/p>\n\t\t\t\t\t<\/div>\n\t\t\t\t\t\t<\/div>\n\t\t\t\t<\/div>\n\t\t\t\t<div class=\"elementor-element elementor-element-4a74e49d elementor-widget__width-initial elementor-widget elementor-widget-wd_image_or_svg\" data-id=\"4a74e49d\" data-element_type=\"widget\" data-widget_type=\"wd_image_or_svg.default\">\n\t\t\t\t<div class=\"elementor-widget-container\">\n\t\t\t\t\t\n\t\t<div class=\"wd-image text-left\">\n\t\t\t\t\t\t\t\t<img fetchpriority=\"high\" decoding=\"async\" width=\"1000\" height=\"1000\" src=\"https:\/\/www.leerervape.com\/wp-content\/uploads\/2026\/03\/26-3.jpg\" class=\"attachment-full size-full\" alt=\"\" srcset=\"https:\/\/www.leerervape.com\/wp-content\/uploads\/2026\/03\/26-3.jpg 1000w, https:\/\/www.leerervape.com\/wp-content\/uploads\/2026\/03\/26-3-300x300.jpg 300w, https:\/\/www.leerervape.com\/wp-content\/uploads\/2026\/03\/26-3-800x800.jpg 800w, https:\/\/www.leerervape.com\/wp-content\/uploads\/2026\/03\/26-3-150x150.jpg 150w, https:\/\/www.leerervape.com\/wp-content\/uploads\/2026\/03\/26-3-768x768.jpg 768w, https:\/\/www.leerervape.com\/wp-content\/uploads\/2026\/03\/26-3-12x12.jpg 12w, https:\/\/www.leerervape.com\/wp-content\/uploads\/2026\/03\/26-3-430x430.jpg 430w, https:\/\/www.leerervape.com\/wp-content\/uploads\/2026\/03\/26-3-700x700.jpg 700w\" sizes=\"(max-width: 1000px) 100vw, 1000px\" \/>\t\t\t\t\t<\/div>\n\n\t\t\t\t\t\t<\/div>\n\t\t\t\t<\/div>\n\t\t\t\t\t<\/div>\n\t\t\t\t<\/div>\n\t\t\t\t<\/div>","protected":false},"excerpt":{"rendered":"<p>Der Whole Melt V8 2g Vape ist ein preiswerter Dual-Kammer Einweg-Vape mit LED-Display, der direkt vom Hersteller im Gro\u00dfhandel erh\u00e4ltlich<\/p>","protected":false},"featured_media":17628,"comment_status":"open","ping_status":"closed","template":"","meta":[],"product_brand":[81],"product_cat":[30,46,28,92,91,90],"product_tag":[],"class_list":{"0":"post-17626","1":"product","2":"type-product","3":"status-publish","4":"has-post-thumbnail","6":"product_brand-whole-melt-vape","7":"product_cat-leerer-2g-vape","8":"product_cat-leerer-doppelkammer-vape","9":"product_cat-leerer-led-vape","10":"product_cat-whole-melt-2g-einweg-vape","11":"product_cat-whole-melt-einweg","12":"product_cat-whole-melt-vape","14":"first","15":"instock","16":"sale","17":"shipping-taxable","18":"purchasable","19":"product-type-simple"},"_links":{"self":[{"href":"https:\/\/www.leerervape.com\/en\/wp-json\/wp\/v2\/product\/17626","targetHints":{"allow":["GET"]}}],"collection":[{"href":"https:\/\/www.leerervape.com\/en\/wp-json\/wp\/v2\/product"}],"about":[{"href":"https:\/\/www.leerervape.com\/en\/wp-json\/wp\/v2\/types\/product"}],"replies":[{"embeddable":true,"href":"https:\/\/www.leerervape.com\/en\/wp-json\/wp\/v2\/comments?post=17626"}],"version-history":[{"count":4,"href":"https:\/\/www.leerervape.com\/en\/wp-json\/wp\/v2\/product\/17626\/revisions"}],"predecessor-version":[{"id":18391,"href":"https:\/\/www.leerervape.com\/en\/wp-json\/wp\/v2\/product\/17626\/revisions\/18391"}],"wp:featuredmedia":[{"embeddable":true,"href":"https:\/\/www.leerervape.com\/en\/wp-json\/wp\/v2\/media\/17628"}],"wp:attachment":[{"href":"https:\/\/www.leerervape.com\/en\/wp-json\/wp\/v2\/media?parent=17626"}],"wp:term":[{"taxonomy":"product_brand","embeddable":true,"href":"https:\/\/www.leerervape.com\/en\/wp-json\/wp\/v2\/product_brand?post=17626"},{"taxonomy":"product_cat","embeddable":true,"href":"https:\/\/www.leerervape.com\/en\/wp-json\/wp\/v2\/product_cat?post=17626"},{"taxonomy":"product_tag","embeddable":true,"href":"https:\/\/www.leerervape.com\/en\/wp-json\/wp\/v2\/product_tag?post=17626"}],"curies":[{"name":"wp","href":"https:\/\/api.w.org\/{rel}","templated":true}]}}