{"id":17544,"date":"2026-03-02T03:19:53","date_gmt":"2026-03-02T03:19:53","guid":{"rendered":"https:\/\/www.leerervape.com\/?post_type=product&#038;p=17544"},"modified":"2026-04-10T08:15:13","modified_gmt":"2026-04-10T08:15:13","slug":"guenstige-leere-dual-kammer-vapes-in-hoher-qualitaet-im-grosshandel-plume-2g-einweg-vape","status":"publish","type":"product","link":"https:\/\/www.leerervape.com\/en\/product\/guenstige-leere-dual-kammer-vapes-in-hoher-qualitaet-im-grosshandel-plume-2g-einweg-vape\/","title":{"rendered":"cheap empty dual chamber high quality vape bulk | plume 2g disposable"},"content":{"rendered":"<div data-elementor-type=\"product-post\" data-elementor-id=\"17544\" class=\"elementor elementor-17544\" data-elementor-post-type=\"product\">\n\t\t\t\t<div class=\"wd-negative-gap elementor-element elementor-element-28dfa982 e-flex e-con-boxed e-con e-parent\" data-id=\"28dfa982\" data-element_type=\"container\">\n\t\t\t\t\t<div class=\"e-con-inner\">\n\t\t\t\t<div class=\"elementor-element elementor-element-141c785c color-scheme-inherit text-left elementor-widget elementor-widget-text-editor\" data-id=\"141c785c\" data-element_type=\"widget\" data-widget_type=\"text-editor.default\">\n\t\t\t\t<div class=\"elementor-widget-container\">\n\t\t\t\t\t\t\t\t\t<p>The Plume 2g disposable vape is a high-quality yet affordable empty dual-chamber vape for wholesale, ideal for brands, bottlers, and distributors. As an empty vape (without oil), this model offers maximum flexibility for custom refills as well as OEM and private label projects.<\/p><p>Thanks to its innovative dual-chamber design, two different oils or flavors can be used in one device, allowing for greater variety and a unique vaping experience. With a 2g capacity, stable heating technology, and a robust, leak-proof construction, the Plume vape delivers consistent performance and reliable vapor production.<\/p><p>Its modern design and solid construction make it a strong choice for retailers looking to offer cost-effective, high-quality dual-chamber vapes in bulk.<\/p>\t\t\t\t\t\t\t\t<\/div>\n\t\t\t\t<\/div>\n\t\t\t\t\t<\/div>\n\t\t\t\t<\/div>\n\t\t<div class=\"wd-negative-gap elementor-element elementor-element-2d546eda e-flex e-con-boxed e-con e-parent\" data-id=\"2d546eda\" data-element_type=\"container\">\n\t\t\t\t\t<div class=\"e-con-inner\">\n\t\t\t\t<div class=\"elementor-element elementor-element-6dabcae5 elementor-widget__width-initial elementor-widget elementor-widget-wd_text_block\" data-id=\"6dabcae5\" data-element_type=\"widget\" data-widget_type=\"wd_text_block.default\">\n\t\t\t\t<div class=\"elementor-widget-container\">\n\t\t\t\t\t\t\t<div class=\"wd-text-block reset-last-child text-left\">\n\t\t\t\n\t\t\t<h1>Plume 10 dual flavors<\/h1><table style=\"border-collapse: collapse; width: 390.02pt;\" border=\"0\" width=\"520\" cellspacing=\"0\" cellpadding=\"0\"><tbody><tr style=\"height: 17.00pt;\"><td class=\"et4\" style=\"height: 17.00pt; width: 390.60pt;\" width=\"520\" height=\"22\">bamberry + banana taffy<\/td><\/tr><tr style=\"height: 17.00pt;\"><td class=\"et5\" style=\"height: 17.00pt;\" height=\"22\">jelly breath + grape zlushies<\/td><\/tr><tr style=\"height: 17.00pt;\"><td class=\"et5\" style=\"height: 17.00pt;\" height=\"22\">tropicana haze + mimosa<\/td><\/tr><tr style=\"height: 17.00pt;\"><td class=\"et5\" style=\"height: 17.00pt;\" height=\"22\">bacio gelato + mochi melt<\/td><\/tr><tr style=\"height: 17.00pt;\"><td class=\"et5\" style=\"height: 17.00pt;\" height=\"22\">guava candy + mango sorbet<\/td><\/tr><tr style=\"height: 17.00pt;\"><td class=\"et5\" style=\"height: 17.00pt;\" height=\"22\">scarface og + pink lemonade<\/td><\/tr><tr style=\"height: 17.00pt;\"><td class=\"et5\" style=\"height: 17.00pt;\" height=\"22\">papaya cookies + fruitcake<\/td><\/tr><tr style=\"height: 17.00pt;\"><td class=\"et4\" style=\"height: 17.00pt; width: 390.60pt;\" width=\"520\" height=\"22\">phantom fuel + trop pop<\/td><\/tr><tr style=\"height: 17.00pt;\"><td class=\"et4\" style=\"height: 17.00pt; width: 390.60pt;\" width=\"520\" height=\"22\">berry runtz + fruit tart<\/td><\/tr><tr style=\"height: 17.00pt;\"><td class=\"et4\" style=\"height: 17.00pt; width: 390.60pt;\" width=\"520\" height=\"22\">glazed donut + dough drip<\/td><\/tr><\/tbody><\/table><p>\u00a0<\/p>\n\t\t\t\t\t<\/div>\n\t\t\t\t\t\t<\/div>\n\t\t\t\t<\/div>\n\t\t\t\t<div class=\"elementor-element elementor-element-6ca92ed9 elementor-widget__width-initial elementor-widget elementor-widget-wd_image_or_svg\" data-id=\"6ca92ed9\" data-element_type=\"widget\" data-widget_type=\"wd_image_or_svg.default\">\n\t\t\t\t<div class=\"elementor-widget-container\">\n\t\t\t\t\t\n\t\t<div class=\"wd-image text-left\">\n\t\t\t\t\t\t\t\t<img fetchpriority=\"high\" decoding=\"async\" width=\"1000\" height=\"1000\" src=\"https:\/\/www.leerervape.com\/wp-content\/uploads\/2026\/03\/24-5.jpg\" class=\"attachment-full size-full\" alt=\"\" srcset=\"https:\/\/www.leerervape.com\/wp-content\/uploads\/2026\/03\/24-5.jpg 1000w, https:\/\/www.leerervape.com\/wp-content\/uploads\/2026\/03\/24-5-300x300.jpg 300w, https:\/\/www.leerervape.com\/wp-content\/uploads\/2026\/03\/24-5-800x800.jpg 800w, https:\/\/www.leerervape.com\/wp-content\/uploads\/2026\/03\/24-5-150x150.jpg 150w, https:\/\/www.leerervape.com\/wp-content\/uploads\/2026\/03\/24-5-768x768.jpg 768w, https:\/\/www.leerervape.com\/wp-content\/uploads\/2026\/03\/24-5-12x12.jpg 12w, https:\/\/www.leerervape.com\/wp-content\/uploads\/2026\/03\/24-5-430x430.jpg 430w, https:\/\/www.leerervape.com\/wp-content\/uploads\/2026\/03\/24-5-700x700.jpg 700w\" sizes=\"(max-width: 1000px) 100vw, 1000px\" \/>\t\t\t\t\t<\/div>\n\n\t\t\t\t\t\t<\/div>\n\t\t\t\t<\/div>\n\t\t\t\t\t<\/div>\n\t\t\t\t<\/div>\n\t\t\t\t<\/div>","protected":false},"excerpt":{"rendered":"<p>Der Plume 2g Einweg-Vape ist ein hochwertiger und zugleich preiswerter leerer Dual-Kammer-Vape f\u00fcr den Gro\u00dfhandel, ideal f\u00fcr Marken, Abf\u00fcller und<\/p>","protected":false},"featured_media":17545,"comment_status":"open","ping_status":"closed","template":"","meta":[],"product_brand":[183],"product_cat":[30,46,28,185,184],"product_tag":[],"class_list":{"0":"post-17544","1":"product","2":"type-product","3":"status-publish","4":"has-post-thumbnail","6":"product_brand-plume-vape","7":"product_cat-leerer-2g-vape","8":"product_cat-leerer-doppelkammer-vape","9":"product_cat-leerer-led-vape","10":"product_cat-plume-einweg-vapes-im-grosshandel","11":"product_cat-plume-vapes-im-grosshandel","13":"first","14":"instock","15":"sale","16":"shipping-taxable","17":"purchasable","18":"product-type-simple"},"_links":{"self":[{"href":"https:\/\/www.leerervape.com\/en\/wp-json\/wp\/v2\/product\/17544","targetHints":{"allow":["GET"]}}],"collection":[{"href":"https:\/\/www.leerervape.com\/en\/wp-json\/wp\/v2\/product"}],"about":[{"href":"https:\/\/www.leerervape.com\/en\/wp-json\/wp\/v2\/types\/product"}],"replies":[{"embeddable":true,"href":"https:\/\/www.leerervape.com\/en\/wp-json\/wp\/v2\/comments?post=17544"}],"version-history":[{"count":7,"href":"https:\/\/www.leerervape.com\/en\/wp-json\/wp\/v2\/product\/17544\/revisions"}],"predecessor-version":[{"id":18405,"href":"https:\/\/www.leerervape.com\/en\/wp-json\/wp\/v2\/product\/17544\/revisions\/18405"}],"wp:featuredmedia":[{"embeddable":true,"href":"https:\/\/www.leerervape.com\/en\/wp-json\/wp\/v2\/media\/17545"}],"wp:attachment":[{"href":"https:\/\/www.leerervape.com\/en\/wp-json\/wp\/v2\/media?parent=17544"}],"wp:term":[{"taxonomy":"product_brand","embeddable":true,"href":"https:\/\/www.leerervape.com\/en\/wp-json\/wp\/v2\/product_brand?post=17544"},{"taxonomy":"product_cat","embeddable":true,"href":"https:\/\/www.leerervape.com\/en\/wp-json\/wp\/v2\/product_cat?post=17544"},{"taxonomy":"product_tag","embeddable":true,"href":"https:\/\/www.leerervape.com\/en\/wp-json\/wp\/v2\/product_tag?post=17544"}],"curies":[{"name":"wp","href":"https:\/\/api.w.org\/{rel}","templated":true}]}}