{"id":17455,"date":"2026-02-25T06:54:50","date_gmt":"2026-02-25T06:54:50","guid":{"rendered":"https:\/\/www.leerervape.com\/?post_type=product&#038;p=17455"},"modified":"2026-04-10T08:25:07","modified_gmt":"2026-04-10T08:25:07","slug":"grosshandel-dual-kammer-vapes-slugger-dual-einweg-vape","status":"publish","type":"product","link":"https:\/\/www.leerervape.com\/en\/product\/grosshandel-dual-kammer-vapes-slugger-dual-einweg-vape\/","title":{"rendered":"wholesale dual chamber vapes | slugger dual disposable vape"},"content":{"rendered":"<div data-elementor-type=\"product-post\" data-elementor-id=\"17455\" class=\"elementor elementor-17455\" data-elementor-post-type=\"product\">\n\t\t\t\t<div class=\"wd-negative-gap elementor-element elementor-element-664c2bae e-flex e-con-boxed e-con e-parent\" data-id=\"664c2bae\" data-element_type=\"container\">\n\t\t\t\t\t<div class=\"e-con-inner\">\n\t\t\t\t<div class=\"elementor-element elementor-element-524c2082 color-scheme-inherit text-left elementor-widget elementor-widget-text-editor\" data-id=\"524c2082\" data-element_type=\"widget\" data-widget_type=\"text-editor.default\">\n\t\t\t\t<div class=\"elementor-widget-container\">\n\t\t\t\t\t\t\t\t\t<p>The Slugger Dual Disposable Vape is a high-quality dual-chamber vape for wholesale, ideal for retailers, distributors, and brands looking to offer an innovative and versatile product. Thanks to its advanced dual-chamber design, users can enjoy two different flavors in a single device, providing more variety and a unique vaping experience.<\/p><p>Featuring stable heating technology, consistent airflow control, and robust construction, the Slugger Dual Vape delivers consistent vapor production and intense flavor with every draw. Its modern design and strong market acceptance make it an attractive choice for bulk orders and retail distribution.<\/p>\t\t\t\t\t\t\t\t<\/div>\n\t\t\t\t<\/div>\n\t\t\t\t\t<\/div>\n\t\t\t\t<\/div>\n\t\t<div class=\"wd-negative-gap elementor-element elementor-element-6410f749 e-flex e-con-boxed e-con e-parent\" data-id=\"6410f749\" data-element_type=\"container\">\n\t\t\t\t\t<div class=\"e-con-inner\">\n\t\t\t\t<div class=\"elementor-element elementor-element-e3de73a elementor-widget__width-initial elementor-widget elementor-widget-wd_text_block\" data-id=\"e3de73a\" data-element_type=\"widget\" data-widget_type=\"wd_text_block.default\">\n\t\t\t\t<div class=\"elementor-widget-container\">\n\t\t\t\t\t\t\t<div class=\"wd-text-block reset-last-child text-left\">\n\t\t\t\n\t\t\t<h1>Sluggers 10 dual flavors<\/h1><table width=\"520\"><tbody><tr><td width=\"520\">FIRE OG \/ HURRICANE<\/td><\/tr><tr><td width=\"520\">33 \/ EUPHORIA<\/td><\/tr><tr><td width=\"520\">WATERMELON ZKITTLES \/ BUBBLE BATH<\/td><\/tr><tr><td width=\"520\">NEW DIESEL \/ BABY GRISELDA<\/td><\/tr><tr><td width=\"520\">RUNTY \/ GRAPES AND CREAM<\/td><\/tr><tr><td width=\"520\">FIDELS ESPECIAL \/\u00a0 PWINCESS PEACH<\/td><\/tr><tr><td width=\"520\">RIDGELINE LANTZ\/ CANDY APPLE<\/td><\/tr><tr><td width=\"520\">CHAPELLI CASSIS \/ RAINBOW ROAD<\/td><\/tr><tr><td width=\"520\">APPLES $ BANANAS \/ LEMON CHERRY GELATO<\/td><\/tr><tr><td width=\"520\">TEMPTATION \/ HORCHATA<\/td><\/tr><\/tbody><\/table><p>\u00a0<\/p>\n\t\t\t\t\t<\/div>\n\t\t\t\t\t\t<\/div>\n\t\t\t\t<\/div>\n\t\t\t\t<div class=\"elementor-element elementor-element-46351a80 elementor-widget__width-initial elementor-widget elementor-widget-wd_image_or_svg\" data-id=\"46351a80\" data-element_type=\"widget\" data-widget_type=\"wd_image_or_svg.default\">\n\t\t\t\t<div class=\"elementor-widget-container\">\n\t\t\t\t\t\n\t\t<div class=\"wd-image text-left\">\n\t\t\t\t\t\t\t\t<img fetchpriority=\"high\" decoding=\"async\" width=\"1000\" height=\"1000\" src=\"https:\/\/www.leerervape.com\/wp-content\/uploads\/2026\/02\/26-2.jpg\" class=\"attachment-full size-full\" alt=\"\" srcset=\"https:\/\/www.leerervape.com\/wp-content\/uploads\/2026\/02\/26-2.jpg 1000w, https:\/\/www.leerervape.com\/wp-content\/uploads\/2026\/02\/26-2-300x300.jpg 300w, https:\/\/www.leerervape.com\/wp-content\/uploads\/2026\/02\/26-2-800x800.jpg 800w, https:\/\/www.leerervape.com\/wp-content\/uploads\/2026\/02\/26-2-150x150.jpg 150w, https:\/\/www.leerervape.com\/wp-content\/uploads\/2026\/02\/26-2-768x768.jpg 768w, https:\/\/www.leerervape.com\/wp-content\/uploads\/2026\/02\/26-2-12x12.jpg 12w, https:\/\/www.leerervape.com\/wp-content\/uploads\/2026\/02\/26-2-430x430.jpg 430w, https:\/\/www.leerervape.com\/wp-content\/uploads\/2026\/02\/26-2-700x700.jpg 700w\" sizes=\"(max-width: 1000px) 100vw, 1000px\" \/>\t\t\t\t\t<\/div>\n\n\t\t\t\t\t\t<\/div>\n\t\t\t\t<\/div>\n\t\t\t\t\t<\/div>\n\t\t\t\t<\/div>\n\t\t\t\t<\/div>","protected":false},"excerpt":{"rendered":"<p>Der Slugger Dual Einweg-Vape ist ein hochwertiger Dual-Kammer Vape f\u00fcr den Gro\u00dfhandel, ideal f\u00fcr H\u00e4ndler, Distributoren und Marken, die ein<\/p>","protected":false},"featured_media":17456,"comment_status":"open","ping_status":"closed","template":"","meta":[],"product_brand":[87],"product_cat":[30,46,105,104],"product_tag":[],"class_list":{"0":"post-17455","1":"product","2":"type-product","3":"status-publish","4":"has-post-thumbnail","6":"product_brand-sluggers-vape","7":"product_cat-leerer-2g-vape","8":"product_cat-leerer-doppelkammer-vape","9":"product_cat-sluggers-einweg","10":"product_cat-sluggers-leere-vape","12":"first","13":"instock","14":"sale","15":"shipping-taxable","16":"purchasable","17":"product-type-simple"},"_links":{"self":[{"href":"https:\/\/www.leerervape.com\/en\/wp-json\/wp\/v2\/product\/17455","targetHints":{"allow":["GET"]}}],"collection":[{"href":"https:\/\/www.leerervape.com\/en\/wp-json\/wp\/v2\/product"}],"about":[{"href":"https:\/\/www.leerervape.com\/en\/wp-json\/wp\/v2\/types\/product"}],"replies":[{"embeddable":true,"href":"https:\/\/www.leerervape.com\/en\/wp-json\/wp\/v2\/comments?post=17455"}],"version-history":[{"count":4,"href":"https:\/\/www.leerervape.com\/en\/wp-json\/wp\/v2\/product\/17455\/revisions"}],"predecessor-version":[{"id":18418,"href":"https:\/\/www.leerervape.com\/en\/wp-json\/wp\/v2\/product\/17455\/revisions\/18418"}],"wp:featuredmedia":[{"embeddable":true,"href":"https:\/\/www.leerervape.com\/en\/wp-json\/wp\/v2\/media\/17456"}],"wp:attachment":[{"href":"https:\/\/www.leerervape.com\/en\/wp-json\/wp\/v2\/media?parent=17455"}],"wp:term":[{"taxonomy":"product_brand","embeddable":true,"href":"https:\/\/www.leerervape.com\/en\/wp-json\/wp\/v2\/product_brand?post=17455"},{"taxonomy":"product_cat","embeddable":true,"href":"https:\/\/www.leerervape.com\/en\/wp-json\/wp\/v2\/product_cat?post=17455"},{"taxonomy":"product_tag","embeddable":true,"href":"https:\/\/www.leerervape.com\/en\/wp-json\/wp\/v2\/product_tag?post=17455"}],"curies":[{"name":"wp","href":"https:\/\/api.w.org\/{rel}","templated":true}]}}