{"id":17388,"date":"2026-02-05T08:27:10","date_gmt":"2026-02-05T08:27:10","guid":{"rendered":"https:\/\/www.leerervape.com\/?post_type=product&#038;p=17388"},"modified":"2026-04-10T09:22:57","modified_gmt":"2026-04-10T09:22:57","slug":"guenstige-leere-dual-chamber-einweg-vapes-im-grosshandel-runtz-dual-2g-led-vape","status":"publish","type":"product","link":"https:\/\/www.leerervape.com\/en\/product\/guenstige-leere-dual-chamber-einweg-vapes-im-grosshandel-runtz-dual-2g-led-vape\/","title":{"rendered":"cheap empty dual chamber disposable bulk | runtz dual 2g led vape"},"content":{"rendered":"<div data-elementor-type=\"product-post\" data-elementor-id=\"17388\" class=\"elementor elementor-17388\" data-elementor-post-type=\"product\">\n\t\t\t\t<div class=\"wd-negative-gap elementor-element elementor-element-23cb3398 e-flex e-con-boxed e-con e-parent\" data-id=\"23cb3398\" data-element_type=\"container\">\n\t\t\t\t\t<div class=\"e-con-inner\">\n\t\t\t\t<div class=\"elementor-element elementor-element-1abbb8c7 color-scheme-inherit text-left elementor-widget elementor-widget-text-editor\" data-id=\"1abbb8c7\" data-element_type=\"widget\" data-widget_type=\"text-editor.default\">\n\t\t\t\t<div class=\"elementor-widget-container\">\n\t\t\t\t\t\t\t\t\tDer Runtz Dual 2g LED Vape ist ein preiswerter leerer Dual-Chamber Einweg-Vape f\u00fcr den Gro\u00dfhandel, ideal f\u00fcr Marken, Abf\u00fcller und Distributoren. Als Empty Vape (ohne \u00d6l) bietet dieses Modell maximale Flexibilit\u00e4t f\u00fcr individuelle Bef\u00fcllungen. Dank des innovativen Dual-Chamber-Systems k\u00f6nnen zwei verschiedene \u00d6le in einer einzigen Vape eingef\u00fcllt werden, sodass Nutzer zwei Geschmacksrichtungen oder Formeln bequem in einem Ger\u00e4t genie\u00dfen k\u00f6nnen.\r\n\r\nAusgestattet mit einem modernen LED-Display \u00fcberzeugt der Runtz Dual nicht nur funktional, sondern auch optisch. Die 2 g Kapazit\u00e4t, stabile Heiztechnologie und hochwertige Verarbeitung sorgen f\u00fcr eine gleichm\u00e4\u00dfige Performance und zuverl\u00e4ssige Nutzung. Eine ideale Wahl f\u00fcr H\u00e4ndler, die kosteneffiziente, trendige und vielseitige Dual-Chamber Vapes in Bulk anbieten m\u00f6chten.\t\t\t\t\t\t\t\t<\/div>\n\t\t\t\t<\/div>\n\t\t\t\t\t<\/div>\n\t\t\t\t<\/div>\n\t\t<div class=\"wd-negative-gap elementor-element elementor-element-1d791574 e-flex e-con-boxed e-con e-parent\" data-id=\"1d791574\" data-element_type=\"container\">\n\t\t\t\t\t<div class=\"e-con-inner\">\n\t\t\t\t<div class=\"elementor-element elementor-element-569b7f71 elementor-widget__width-initial elementor-widget elementor-widget-wd_text_block\" data-id=\"569b7f71\" data-element_type=\"widget\" data-widget_type=\"wd_text_block.default\">\n\t\t\t\t<div class=\"elementor-widget-container\">\n\t\t\t\t\t\t\t<div class=\"wd-text-block reset-last-child text-left\">\n\t\t\t\n\t\t\t<h1>Runtz 10 dual flavors<\/h1><table width=\"520\"><tbody><tr><td width=\"520\">Diamond Dust + Sweet Tooth<\/td><\/tr><tr><td>Honey Cream + Wild Cherry<\/td><\/tr><tr><td>Hubba Bubba + Blueberry Jiyy<\/td><\/tr><tr><td>Red Blow Pop + Kool Aid Jammery<\/td><\/tr><tr><td>Lychee Juice + Vanilla Float<\/td><\/tr><tr><td>Orange Fanta + Lemonade Stand\u00a0<\/td><\/tr><tr><td>White Peach Freese + Toxic Paradise<\/td><\/tr><tr><td width=\"520\">Honey Comb + Strawberry Milk<\/td><\/tr><tr><td width=\"520\">Grape Delly + Caramed Apple\u00a0<\/td><\/tr><tr><td width=\"520\">Red Starbust + Iced Sangria<\/td><\/tr><\/tbody><\/table><p>\u00a0<\/p>\n\t\t\t\t\t<\/div>\n\t\t\t\t\t\t<\/div>\n\t\t\t\t<\/div>\n\t\t\t\t<div class=\"elementor-element elementor-element-68bd3281 elementor-widget__width-initial elementor-widget elementor-widget-wd_image_or_svg\" data-id=\"68bd3281\" data-element_type=\"widget\" data-widget_type=\"wd_image_or_svg.default\">\n\t\t\t\t<div class=\"elementor-widget-container\">\n\t\t\t\t\t\n\t\t<div class=\"wd-image text-left\">\n\t\t\t\t\t\t\t\t<img fetchpriority=\"high\" decoding=\"async\" width=\"800\" height=\"800\" src=\"https:\/\/www.leerervape.com\/wp-content\/uploads\/2026\/02\/runtz-vape-1.jpg\" class=\"attachment-full size-full\" alt=\"\" srcset=\"https:\/\/www.leerervape.com\/wp-content\/uploads\/2026\/02\/runtz-vape-1.jpg 800w, https:\/\/www.leerervape.com\/wp-content\/uploads\/2026\/02\/runtz-vape-1-300x300.jpg 300w, https:\/\/www.leerervape.com\/wp-content\/uploads\/2026\/02\/runtz-vape-1-150x150.jpg 150w, https:\/\/www.leerervape.com\/wp-content\/uploads\/2026\/02\/runtz-vape-1-768x768.jpg 768w, https:\/\/www.leerervape.com\/wp-content\/uploads\/2026\/02\/runtz-vape-1-12x12.jpg 12w, https:\/\/www.leerervape.com\/wp-content\/uploads\/2026\/02\/runtz-vape-1-430x430.jpg 430w, https:\/\/www.leerervape.com\/wp-content\/uploads\/2026\/02\/runtz-vape-1-700x700.jpg 700w\" sizes=\"(max-width: 800px) 100vw, 800px\" \/>\t\t\t\t\t<\/div>\n\n\t\t\t\t\t\t<\/div>\n\t\t\t\t<\/div>\n\t\t\t\t\t<\/div>\n\t\t\t\t<\/div>\n\t\t\t\t<\/div>","protected":false},"excerpt":{"rendered":"<p>Der Runtz Dual 2g LED Vape ist ein preiswerter leerer Dual-Chamber Einweg-Vape f\u00fcr den Gro\u00dfhandel, ideal f\u00fcr Marken, Abf\u00fcller und<\/p>","protected":false},"featured_media":17389,"comment_status":"open","ping_status":"closed","template":"","meta":[],"product_brand":[181],"product_cat":[30,46,28],"product_tag":[],"class_list":{"0":"post-17388","1":"product","2":"type-product","3":"status-publish","4":"has-post-thumbnail","6":"product_brand-runtz-vape","7":"product_cat-leerer-2g-vape","8":"product_cat-leerer-doppelkammer-vape","9":"product_cat-leerer-led-vape","11":"first","12":"instock","13":"sale","14":"shipping-taxable","15":"purchasable","16":"product-type-simple"},"_links":{"self":[{"href":"https:\/\/www.leerervape.com\/en\/wp-json\/wp\/v2\/product\/17388","targetHints":{"allow":["GET"]}}],"collection":[{"href":"https:\/\/www.leerervape.com\/en\/wp-json\/wp\/v2\/product"}],"about":[{"href":"https:\/\/www.leerervape.com\/en\/wp-json\/wp\/v2\/types\/product"}],"replies":[{"embeddable":true,"href":"https:\/\/www.leerervape.com\/en\/wp-json\/wp\/v2\/comments?post=17388"}],"version-history":[{"count":4,"href":"https:\/\/www.leerervape.com\/en\/wp-json\/wp\/v2\/product\/17388\/revisions"}],"predecessor-version":[{"id":18437,"href":"https:\/\/www.leerervape.com\/en\/wp-json\/wp\/v2\/product\/17388\/revisions\/18437"}],"wp:featuredmedia":[{"embeddable":true,"href":"https:\/\/www.leerervape.com\/en\/wp-json\/wp\/v2\/media\/17389"}],"wp:attachment":[{"href":"https:\/\/www.leerervape.com\/en\/wp-json\/wp\/v2\/media?parent=17388"}],"wp:term":[{"taxonomy":"product_brand","embeddable":true,"href":"https:\/\/www.leerervape.com\/en\/wp-json\/wp\/v2\/product_brand?post=17388"},{"taxonomy":"product_cat","embeddable":true,"href":"https:\/\/www.leerervape.com\/en\/wp-json\/wp\/v2\/product_cat?post=17388"},{"taxonomy":"product_tag","embeddable":true,"href":"https:\/\/www.leerervape.com\/en\/wp-json\/wp\/v2\/product_tag?post=17388"}],"curies":[{"name":"wp","href":"https:\/\/api.w.org\/{rel}","templated":true}]}}