{"id":17265,"date":"2026-01-27T09:43:10","date_gmt":"2026-01-27T09:43:10","guid":{"rendered":"https:\/\/www.leerervape.com\/?post_type=product&#038;p=17265"},"modified":"2026-04-10T09:28:52","modified_gmt":"2026-04-10T09:28:52","slug":"hochwertige-guenstige-leere-led-vape-pens-usa-california-round-2g-einweg-vape","status":"publish","type":"product","link":"https:\/\/www.leerervape.com\/en\/product\/hochwertige-guenstige-leere-led-vape-pens-usa-california-round-2g-einweg-vape\/","title":{"rendered":"high quality cheap empty led pen | USA california round 2g disposable vape"},"content":{"rendered":"<div data-elementor-type=\"product-post\" data-elementor-id=\"17265\" class=\"elementor elementor-17265\" data-elementor-post-type=\"product\">\n\t\t\t\t<div class=\"wd-negative-gap elementor-element elementor-element-79f7dc0 e-flex e-con-boxed e-con e-parent\" data-id=\"79f7dc0\" data-element_type=\"container\">\n\t\t\t\t\t<div class=\"e-con-inner\">\n\t\t\t\t<div class=\"elementor-element elementor-element-6db260be color-scheme-inherit text-left elementor-widget elementor-widget-text-editor\" data-id=\"6db260be\" data-element_type=\"widget\" data-widget_type=\"text-editor.default\">\n\t\t\t\t<div class=\"elementor-widget-container\">\n\t\t\t\t\t\t\t\t\t<p>The USA California Round 2g disposable vape is a high-quality yet affordable empty LED vape pen, specifically designed for wholesale, brands, and manufacturers.  As an empty vape (without oil), it offers maximum flexibility for custom fillings and private label projects. The integrated LED display gives the device a modern look and attracts attention at the point of sale.<\/p><p>With a 2g capacity, stable heating element, and clean, leak-proof design, the California Round delivers consistent performance and reliable vapor production. The compact, round design fits comfortably in the hand and reflects current market trends. An ideal choice for retailers who want to offer high-quality empty vape pens at attractive wholesale prices.<\/p>\t\t\t\t\t\t\t\t<\/div>\n\t\t\t\t<\/div>\n\t\t\t\t\t<\/div>\n\t\t\t\t<\/div>\n\t\t<div class=\"wd-negative-gap elementor-element elementor-element-60472115 e-flex e-con-boxed e-con e-parent\" data-id=\"60472115\" data-element_type=\"container\">\n\t\t\t\t\t<div class=\"e-con-inner\">\n\t\t\t\t<div class=\"elementor-element elementor-element-539c4b46 elementor-widget__width-initial elementor-widget elementor-widget-wd_text_block\" data-id=\"539c4b46\" data-element_type=\"widget\" data-widget_type=\"wd_text_block.default\">\n\t\t\t\t<div class=\"elementor-widget-container\">\n\t\t\t\t\t\t\t<div class=\"wd-text-block reset-last-child text-left\">\n\t\t\t\n\t\t\t<h1>California Honey 10 flavors<\/h1><table style=\"border-collapse: collapse; width: 390.02pt;\" border=\"0\" width=\"520\" cellspacing=\"0\" cellpadding=\"0\"><tbody><tr style=\"height: 17.00pt;\"><td class=\"et4\" style=\"height: 17.00pt; width: 390.60pt;\" width=\"520\" height=\"22\">Sweet Dreams OG<\/td><\/tr><tr style=\"height: 17.00pt;\"><td class=\"et4\" style=\"height: 17.00pt;\" height=\"22\">Horchata<\/td><\/tr><tr style=\"height: 17.00pt;\"><td class=\"et4\" style=\"height: 17.00pt;\" height=\"22\">Pineapple Paradise<\/td><\/tr><tr style=\"height: 17.00pt;\"><td class=\"et4\" style=\"height: 17.00pt;\" height=\"22\">Dragon Berry Runtz<\/td><\/tr><tr style=\"height: 17.00pt;\"><td class=\"et4\" style=\"height: 17.00pt;\" height=\"22\">Habibi<\/td><\/tr><tr style=\"height: 17.00pt;\"><td class=\"et4\" style=\"height: 17.00pt;\" height=\"22\">Galactic Diesel<\/td><\/tr><tr style=\"height: 17.00pt;\"><td class=\"et4\" style=\"height: 17.00pt;\" height=\"22\">Frozen Pomegranate<\/td><\/tr><tr style=\"height: 17.00pt;\"><td class=\"et4\" style=\"height: 17.00pt;\" height=\"22\">Watermelon Moonshine<\/td><\/tr><tr style=\"height: 17.00pt;\"><td class=\"et4\" style=\"height: 17.00pt;\" height=\"22\">Blue Slushie<\/td><\/tr><tr style=\"height: 17.00pt;\"><td class=\"et4\" style=\"height: 17.00pt;\" height=\"22\">Bubblegum Burst<\/td><\/tr><\/tbody><\/table><p>\u00a0<\/p>\n\t\t\t\t\t<\/div>\n\t\t\t\t\t\t<\/div>\n\t\t\t\t<\/div>\n\t\t\t\t<div class=\"elementor-element elementor-element-2e79924d elementor-widget__width-initial elementor-widget elementor-widget-wd_image_or_svg\" data-id=\"2e79924d\" data-element_type=\"widget\" data-widget_type=\"wd_image_or_svg.default\">\n\t\t\t\t<div class=\"elementor-widget-container\">\n\t\t\t\t\t\n\t\t<div class=\"wd-image text-left\">\n\t\t\t\t\t\t\t\t<img fetchpriority=\"high\" decoding=\"async\" width=\"1000\" height=\"1000\" src=\"https:\/\/www.leerervape.com\/wp-content\/uploads\/2026\/01\/22-9.jpg\" class=\"attachment-full size-full\" alt=\"\" srcset=\"https:\/\/www.leerervape.com\/wp-content\/uploads\/2026\/01\/22-9.jpg 1000w, https:\/\/www.leerervape.com\/wp-content\/uploads\/2026\/01\/22-9-300x300.jpg 300w, https:\/\/www.leerervape.com\/wp-content\/uploads\/2026\/01\/22-9-800x800.jpg 800w, https:\/\/www.leerervape.com\/wp-content\/uploads\/2026\/01\/22-9-150x150.jpg 150w, https:\/\/www.leerervape.com\/wp-content\/uploads\/2026\/01\/22-9-768x768.jpg 768w, https:\/\/www.leerervape.com\/wp-content\/uploads\/2026\/01\/22-9-12x12.jpg 12w, https:\/\/www.leerervape.com\/wp-content\/uploads\/2026\/01\/22-9-430x430.jpg 430w, https:\/\/www.leerervape.com\/wp-content\/uploads\/2026\/01\/22-9-700x700.jpg 700w\" sizes=\"(max-width: 1000px) 100vw, 1000px\" \/>\t\t\t\t\t<\/div>\n\n\t\t\t\t\t\t<\/div>\n\t\t\t\t<\/div>\n\t\t\t\t\t<\/div>\n\t\t\t\t<\/div>\n\t\t\t\t<\/div>","protected":false},"excerpt":{"rendered":"<p>Der USA California Round 2g Einweg-Vape ist ein hochwertiger und zugleich g\u00fcnstiger leerer LED-Vape-Pen, speziell entwickelt f\u00fcr den Gro\u00dfhandel sowie<\/p>","protected":false},"featured_media":17267,"comment_status":"open","ping_status":"closed","template":"","meta":[],"product_brand":[86],"product_cat":[170,125,124,30,28],"product_tag":[],"class_list":{"0":"post-17265","1":"product","2":"type-product","3":"status-publish","4":"has-post-thumbnail","6":"product_brand-california-honey-vape","7":"product_cat-usa-lager-vape","8":"product_cat-california-einweg-vape-grosspackung","9":"product_cat-california-vape-grosshandel","10":"product_cat-leerer-2g-vape","11":"product_cat-leerer-led-vape","13":"first","14":"instock","15":"sale","16":"shipping-taxable","17":"purchasable","18":"product-type-simple"},"_links":{"self":[{"href":"https:\/\/www.leerervape.com\/en\/wp-json\/wp\/v2\/product\/17265","targetHints":{"allow":["GET"]}}],"collection":[{"href":"https:\/\/www.leerervape.com\/en\/wp-json\/wp\/v2\/product"}],"about":[{"href":"https:\/\/www.leerervape.com\/en\/wp-json\/wp\/v2\/types\/product"}],"replies":[{"embeddable":true,"href":"https:\/\/www.leerervape.com\/en\/wp-json\/wp\/v2\/comments?post=17265"}],"version-history":[{"count":5,"href":"https:\/\/www.leerervape.com\/en\/wp-json\/wp\/v2\/product\/17265\/revisions"}],"predecessor-version":[{"id":18449,"href":"https:\/\/www.leerervape.com\/en\/wp-json\/wp\/v2\/product\/17265\/revisions\/18449"}],"wp:featuredmedia":[{"embeddable":true,"href":"https:\/\/www.leerervape.com\/en\/wp-json\/wp\/v2\/media\/17267"}],"wp:attachment":[{"href":"https:\/\/www.leerervape.com\/en\/wp-json\/wp\/v2\/media?parent=17265"}],"wp:term":[{"taxonomy":"product_brand","embeddable":true,"href":"https:\/\/www.leerervape.com\/en\/wp-json\/wp\/v2\/product_brand?post=17265"},{"taxonomy":"product_cat","embeddable":true,"href":"https:\/\/www.leerervape.com\/en\/wp-json\/wp\/v2\/product_cat?post=17265"},{"taxonomy":"product_tag","embeddable":true,"href":"https:\/\/www.leerervape.com\/en\/wp-json\/wp\/v2\/product_tag?post=17265"}],"curies":[{"name":"wp","href":"https:\/\/api.w.org\/{rel}","templated":true}]}}