{"id":17008,"date":"2026-01-07T09:46:49","date_gmt":"2026-01-07T09:46:49","guid":{"rendered":"https:\/\/www.leerervape.com\/?post_type=product&#038;p=17008"},"modified":"2026-04-13T10:23:59","modified_gmt":"2026-04-13T10:23:59","slug":"besos-blue-strips-einweg-vape","status":"publish","type":"product","link":"https:\/\/www.leerervape.com\/en\/product\/besos-blue-strips-einweg-vape\/","title":{"rendered":"wholesale high quality rechargeable empty vape | besos blue strips disposable"},"content":{"rendered":"<div data-elementor-type=\"product-post\" data-elementor-id=\"17008\" class=\"elementor elementor-17008\" data-elementor-post-type=\"product\">\n\t\t\t\t<div class=\"wd-negative-gap elementor-element elementor-element-59e569f4 e-flex e-con-boxed e-con e-parent\" data-id=\"59e569f4\" data-element_type=\"container\">\n\t\t\t\t\t<div class=\"e-con-inner\">\n\t\t\t\t<div class=\"elementor-element elementor-element-57c3f1a6 color-scheme-inherit text-left elementor-widget elementor-widget-text-editor\" data-id=\"57c3f1a6\" data-element_type=\"widget\" data-widget_type=\"text-editor.default\">\n\t\t\t\t<div class=\"elementor-widget-container\">\n\t\t\t\t\t\t\t\t\t<p>The Besos Blue Strips disposable vape is a high-quality, rechargeable empty vape available for wholesale, ideal for brands, fillers, and distributors seeking a reliable and versatile device. This model comes without pre-filled oil and is perfect for custom filling with your own oils or liquids.<\/p><p>Thanks to its rechargeable battery, stable heating technology, and precise manufacturing, the Besos Blue Strips vape delivers consistent vaporization and reliable performance until the very last puff.  The modern, eye-catching design ensures high brand recognition in the market, while the wholesale pricing allows for strong profit margins and versatile applications.<\/p>\t\t\t\t\t\t\t\t<\/div>\n\t\t\t\t<\/div>\n\t\t\t\t\t<\/div>\n\t\t\t\t<\/div>\n\t\t<div class=\"wd-negative-gap elementor-element elementor-element-27e49382 e-flex e-con-boxed e-con e-parent\" data-id=\"27e49382\" data-element_type=\"container\">\n\t\t\t\t\t<div class=\"e-con-inner\">\n\t\t\t\t<div class=\"elementor-element elementor-element-6c45cdf4 elementor-widget__width-initial elementor-widget elementor-widget-wd_text_block\" data-id=\"6c45cdf4\" data-element_type=\"widget\" data-widget_type=\"wd_text_block.default\">\n\t\t\t\t<div class=\"elementor-widget-container\">\n\t\t\t\t\t\t\t<div class=\"wd-text-block reset-last-child text-left\">\n\t\t\t\n\t\t\t<h1>Besos 10 flavors<\/h1><table style=\"border-collapse: collapse; width: 390.02pt;\" border=\"0\" width=\"520\" cellspacing=\"0\" cellpadding=\"0\"><tbody><tr style=\"height: 17.00pt;\"><td class=\"et4\" style=\"height: 17.00pt; width: 390.60pt;\" width=\"520\" height=\"22\">STRAWNANA SMOOTHIE<\/td><\/tr><tr style=\"height: 17.00pt;\"><td class=\"et4\" style=\"height: 17.00pt;\" height=\"22\">CHERRY GELATO<\/td><\/tr><tr style=\"height: 17.00pt;\"><td class=\"et4\" style=\"height: 17.00pt;\" height=\"22\">ORANGE CREAMSICLE<\/td><\/tr><tr style=\"height: 17.00pt;\"><td class=\"et4\" style=\"height: 17.00pt;\" height=\"22\">JUICY RED APPLE<\/td><\/tr><tr style=\"height: 17.00pt;\"><td class=\"et4\" style=\"height: 17.00pt;\" height=\"22\">AGUA DE PINA<\/td><\/tr><tr style=\"height: 17.00pt;\"><td class=\"et5\" style=\"height: 17.00pt;\" height=\"22\">PURPLE ZLUSHIE<\/td><\/tr><tr style=\"height: 17.00pt;\"><td class=\"et5\" style=\"height: 17.00pt;\" height=\"22\">PSYCHO BUNNY<\/td><\/tr><tr style=\"height: 17.00pt;\"><td class=\"et6\" style=\"height: 17.00pt;\" height=\"22\">HORCHATA<\/td><\/tr><tr style=\"height: 17.00pt;\"><td class=\"et7\" style=\"height: 17.00pt;\" height=\"22\">BLUE $TRIPS<\/td><\/tr><tr style=\"height: 17.00pt;\"><td class=\"et8\" style=\"height: 17.00pt;\" height=\"22\">RAINBOW CANDY<\/td><\/tr><\/tbody><\/table><p>\u00a0<\/p>\n\t\t\t\t\t<\/div>\n\t\t\t\t\t\t<\/div>\n\t\t\t\t<\/div>\n\t\t\t\t<div class=\"elementor-element elementor-element-37efd782 elementor-widget__width-initial elementor-widget elementor-widget-wd_image_or_svg\" data-id=\"37efd782\" data-element_type=\"widget\" data-widget_type=\"wd_image_or_svg.default\">\n\t\t\t\t<div class=\"elementor-widget-container\">\n\t\t\t\t\t\n\t\t<div class=\"wd-image text-left\">\n\t\t\t\t\t\t\t\t<img fetchpriority=\"high\" decoding=\"async\" width=\"1000\" height=\"1000\" src=\"https:\/\/www.leerervape.com\/wp-content\/uploads\/2026\/01\/27-5.jpg\" class=\"attachment-full size-full\" alt=\"\" srcset=\"https:\/\/www.leerervape.com\/wp-content\/uploads\/2026\/01\/27-5.jpg 1000w, https:\/\/www.leerervape.com\/wp-content\/uploads\/2026\/01\/27-5-300x300.jpg 300w, https:\/\/www.leerervape.com\/wp-content\/uploads\/2026\/01\/27-5-800x800.jpg 800w, https:\/\/www.leerervape.com\/wp-content\/uploads\/2026\/01\/27-5-150x150.jpg 150w, https:\/\/www.leerervape.com\/wp-content\/uploads\/2026\/01\/27-5-768x768.jpg 768w, https:\/\/www.leerervape.com\/wp-content\/uploads\/2026\/01\/27-5-12x12.jpg 12w, https:\/\/www.leerervape.com\/wp-content\/uploads\/2026\/01\/27-5-430x430.jpg 430w, https:\/\/www.leerervape.com\/wp-content\/uploads\/2026\/01\/27-5-700x700.jpg 700w\" sizes=\"(max-width: 1000px) 100vw, 1000px\" \/>\t\t\t\t\t<\/div>\n\n\t\t\t\t\t\t<\/div>\n\t\t\t\t<\/div>\n\t\t\t\t\t<\/div>\n\t\t\t\t<\/div>\n\t\t\t\t<\/div>","protected":false},"excerpt":{"rendered":"<p>Der Besos Blue Strips Einweg-Vape ist ein hochwertiger, wiederaufladbarer Empty-Vape im Gro\u00dfhandel, ideal f\u00fcr Marken, Abf\u00fcller und H\u00e4ndler, die ein<\/p>","protected":false},"featured_media":17010,"comment_status":"open","ping_status":"closed","template":"","meta":[],"product_brand":[88],"product_cat":[30,129,128],"product_tag":[],"class_list":{"0":"post-17008","1":"product","2":"type-product","3":"status-publish","4":"has-post-thumbnail","6":"product_brand-besos","7":"product_cat-leerer-2g-vape","8":"product_cat-besos-einweg-vape-grosshandel","9":"product_cat-besos-vape-grosshandel","11":"first","12":"instock","13":"sale","14":"shipping-taxable","15":"purchasable","16":"product-type-simple"},"_links":{"self":[{"href":"https:\/\/www.leerervape.com\/en\/wp-json\/wp\/v2\/product\/17008","targetHints":{"allow":["GET"]}}],"collection":[{"href":"https:\/\/www.leerervape.com\/en\/wp-json\/wp\/v2\/product"}],"about":[{"href":"https:\/\/www.leerervape.com\/en\/wp-json\/wp\/v2\/types\/product"}],"replies":[{"embeddable":true,"href":"https:\/\/www.leerervape.com\/en\/wp-json\/wp\/v2\/comments?post=17008"}],"version-history":[{"count":5,"href":"https:\/\/www.leerervape.com\/en\/wp-json\/wp\/v2\/product\/17008\/revisions"}],"predecessor-version":[{"id":18495,"href":"https:\/\/www.leerervape.com\/en\/wp-json\/wp\/v2\/product\/17008\/revisions\/18495"}],"wp:featuredmedia":[{"embeddable":true,"href":"https:\/\/www.leerervape.com\/en\/wp-json\/wp\/v2\/media\/17010"}],"wp:attachment":[{"href":"https:\/\/www.leerervape.com\/en\/wp-json\/wp\/v2\/media?parent=17008"}],"wp:term":[{"taxonomy":"product_brand","embeddable":true,"href":"https:\/\/www.leerervape.com\/en\/wp-json\/wp\/v2\/product_brand?post=17008"},{"taxonomy":"product_cat","embeddable":true,"href":"https:\/\/www.leerervape.com\/en\/wp-json\/wp\/v2\/product_cat?post=17008"},{"taxonomy":"product_tag","embeddable":true,"href":"https:\/\/www.leerervape.com\/en\/wp-json\/wp\/v2\/product_tag?post=17008"}],"curies":[{"name":"wp","href":"https:\/\/api.w.org\/{rel}","templated":true}]}}