{"id":16918,"date":"2025-12-24T09:21:35","date_gmt":"2025-12-24T09:21:35","guid":{"rendered":"https:\/\/www.leerervape.com\/?post_type=product&#038;p=16918"},"modified":"2026-04-13T10:29:01","modified_gmt":"2026-04-13T10:29:01","slug":"grosshandel-guenstige-hochwertige-einweg-vapes-mit-led-display-packwoods-dual-chamber-vape","status":"publish","type":"product","link":"https:\/\/www.leerervape.com\/en\/product\/grosshandel-guenstige-hochwertige-einweg-vapes-mit-led-display-packwoods-dual-chamber-vape\/","title":{"rendered":"wholesale cheap high quality disposable with led screen | packwoods dual chamber vape"},"content":{"rendered":"<div data-elementor-type=\"product-post\" data-elementor-id=\"16918\" class=\"elementor elementor-16918\" data-elementor-post-type=\"product\">\n\t\t\t\t<div class=\"wd-negative-gap elementor-element elementor-element-6cbe610e e-flex e-con-boxed e-con e-parent\" data-id=\"6cbe610e\" data-element_type=\"container\">\n\t\t\t\t\t<div class=\"e-con-inner\">\n\t\t\t\t<div class=\"elementor-element elementor-element-6d2ffd4e color-scheme-inherit text-left elementor-widget elementor-widget-text-editor\" data-id=\"6d2ffd4e\" data-element_type=\"widget\" data-widget_type=\"text-editor.default\">\n\t\t\t\t<div class=\"elementor-widget-container\">\n\t\t\t\t\t\t\t\t\t<p data-start=\"229\" data-end=\"717\">The Packwoods Dual-Chamber Vape is a high-quality, affordable disposable device featuring a modern LED display and dual-chamber technology, ideal for retailers and wholesalers looking to offer a trendy, high-performance product in bulk.  With two separate chambers, this vape allows users to enjoy two different flavors simultaneously in a single device. <strong data-start=\"331\" data-end=\"362\">Packwoods Dual-Chamber Vape<\/strong> ist ein <strong data-start=\"371\" data-end=\"415\">hochwertiges, preisg\u00fcnstiges Einwegger\u00e4t<\/strong> mit modernem <strong data-start=\"429\" data-end=\"444\">LED-Display<\/strong> und <strong data-start=\"449\" data-end=\"477\">Dual-Chamber-Technologie<\/strong>, ideal f\u00fcr H\u00e4ndler und Gro\u00dfh\u00e4ndler, die ein <strong data-start=\"522\" data-end=\"569\">trendiges, leistungsstarkes Produkt im Bulk<\/strong> anbieten m\u00f6chten. Mit <strong data-start=\"592\" data-end=\"618\">zwei separaten Kammern<\/strong> erm\u00f6glicht der Vape das gleichzeitige Genie\u00dfen von <strong data-start=\"670\" data-end=\"699\" data-is-only-node=\"\">zwei Geschmacksrichtungen<\/strong> in einem Ger\u00e4t.<\/p><p data-start=\"719\" data-end=\"1053\" class=\"translation-block\">Thanks to its stable heating technology, consistent airflow, and high-quality construction, the Packwoods Dual-Chamber delivers intense, smooth vapor with every puff. The LED display shows the battery status and enhances user control, while the modern Packwoods design makes the device a real eye-catcher in any retail setting.<\/p>\t\t\t\t\t\t\t\t<\/div>\n\t\t\t\t<\/div>\n\t\t\t\t\t<\/div>\n\t\t\t\t<\/div>\n\t\t<div class=\"wd-negative-gap elementor-element elementor-element-26f96459 e-flex e-con-boxed e-con e-parent\" data-id=\"26f96459\" data-element_type=\"container\">\n\t\t\t\t\t<div class=\"e-con-inner\">\n\t\t\t\t<div class=\"elementor-element elementor-element-42f2628a elementor-widget__width-initial elementor-widget elementor-widget-wd_text_block\" data-id=\"42f2628a\" data-element_type=\"widget\" data-widget_type=\"wd_text_block.default\">\n\t\t\t\t<div class=\"elementor-widget-container\">\n\t\t\t\t\t\t\t<div class=\"wd-text-block reset-last-child text-left\">\n\t\t\t\n\t\t\t<h1>Packwoods 10 dual flavors<\/h1><table style=\"border-collapse: collapse; width: 390.02pt;\" border=\"0\" width=\"520\" cellspacing=\"0\" cellpadding=\"0\"><tbody><tr style=\"height: 17.00pt;\"><td class=\"et4\" style=\"height: 17.00pt; width: 390.60pt;\" width=\"520\" height=\"22\">ORANGE CREAMSICLE + SILK CANDY<\/td><\/tr><tr style=\"height: 17.00pt;\"><td class=\"et5\" style=\"height: 17.00pt;\" height=\"22\">MIAMI HAZE + BLACKCHERRY GELATO<\/td><\/tr><tr style=\"height: 17.00pt;\"><td class=\"et5\" style=\"height: 17.00pt;\" height=\"22\">BIG RED APPLE + BLACKBERRY KUSH<\/td><\/tr><tr style=\"height: 17.00pt;\"><td class=\"et5\" style=\"height: 17.00pt;\" height=\"22\">PEACH PUNCH +GELATO FREEZE<\/td><\/tr><tr style=\"height: 17.00pt;\"><td class=\"et5\" style=\"height: 17.00pt;\" height=\"22\">GUAVA BUBBLEGUM + PINK PINEAPPLE<\/td><\/tr><tr style=\"height: 17.00pt;\"><td class=\"et5\" style=\"height: 17.00pt;\" height=\"22\">UNICORN SHERBET + SUGAR PLUM<\/td><\/tr><tr style=\"height: 17.00pt;\"><td class=\"et5\" style=\"height: 17.00pt;\" height=\"22\">SOUR GUSHERS + MARSHMALLOW FLUFF<\/td><\/tr><tr style=\"height: 17.00pt;\"><td class=\"et4\" style=\"height: 17.00pt; width: 390.60pt;\" width=\"520\" height=\"22\">JELLY DULCE + BISCOTTI LATTE<\/td><\/tr><tr style=\"height: 17.00pt;\"><td class=\"et4\" style=\"height: 17.00pt; width: 390.60pt;\" width=\"520\" height=\"22\">BANANA FLAMBE + STRAWBRRIES &amp;CREAM<\/td><\/tr><tr style=\"height: 17.00pt;\"><td class=\"et4\" style=\"height: 17.00pt; width: 390.60pt;\" width=\"520\" height=\"22\">BLUE SLUSHIE + RAINBOW SORBET<\/td><\/tr><\/tbody><\/table><p>\u00a0<\/p>\n\t\t\t\t\t<\/div>\n\t\t\t\t\t\t<\/div>\n\t\t\t\t<\/div>\n\t\t\t\t<div class=\"elementor-element elementor-element-70f74b97 elementor-widget__width-initial elementor-widget elementor-widget-wd_image_or_svg\" data-id=\"70f74b97\" data-element_type=\"widget\" data-widget_type=\"wd_image_or_svg.default\">\n\t\t\t\t<div class=\"elementor-widget-container\">\n\t\t\t\t\t\n\t\t<div class=\"wd-image text-left\">\n\t\t\t\t\t\t\t\t<img fetchpriority=\"high\" decoding=\"async\" width=\"800\" height=\"800\" src=\"https:\/\/www.leerervape.com\/wp-content\/uploads\/2025\/12\/UK-packwoods-dual-chamber.jpg\" class=\"attachment-full size-full\" alt=\"\" srcset=\"https:\/\/www.leerervape.com\/wp-content\/uploads\/2025\/12\/UK-packwoods-dual-chamber.jpg 800w, https:\/\/www.leerervape.com\/wp-content\/uploads\/2025\/12\/UK-packwoods-dual-chamber-300x300.jpg 300w, https:\/\/www.leerervape.com\/wp-content\/uploads\/2025\/12\/UK-packwoods-dual-chamber-150x150.jpg 150w, https:\/\/www.leerervape.com\/wp-content\/uploads\/2025\/12\/UK-packwoods-dual-chamber-768x768.jpg 768w, https:\/\/www.leerervape.com\/wp-content\/uploads\/2025\/12\/UK-packwoods-dual-chamber-12x12.jpg 12w, https:\/\/www.leerervape.com\/wp-content\/uploads\/2025\/12\/UK-packwoods-dual-chamber-430x430.jpg 430w, https:\/\/www.leerervape.com\/wp-content\/uploads\/2025\/12\/UK-packwoods-dual-chamber-700x700.jpg 700w\" sizes=\"(max-width: 800px) 100vw, 800px\" \/>\t\t\t\t\t<\/div>\n\n\t\t\t\t\t\t<\/div>\n\t\t\t\t<\/div>\n\t\t\t\t\t<\/div>\n\t\t\t\t<\/div>\n\t\t\t\t<\/div>","protected":false},"excerpt":{"rendered":"<p>Der Packwoods Dual-Chamber Vape ist ein hochwertiges, preisg\u00fcnstiges Einwegger\u00e4t mit modernem LED-Display und Dual-Chamber-Technologie, ideal f\u00fcr H\u00e4ndler und Gro\u00dfh\u00e4ndler, die<\/p>","protected":false},"featured_media":16919,"comment_status":"open","ping_status":"closed","template":"","meta":[],"product_brand":[164],"product_cat":[46,30,28,166,165],"product_tag":[],"class_list":{"0":"post-16918","1":"product","2":"type-product","3":"status-publish","4":"has-post-thumbnail","6":"product_brand-packwoods-vape","7":"product_cat-leerer-doppelkammer-vape","8":"product_cat-leerer-2g-vape","9":"product_cat-leerer-led-vape","10":"product_cat-packwoods-runtz-einweg-vapes-im-grosshandel","11":"product_cat-packwoods-runtz-vapes-im-grosshandel","13":"first","14":"instock","15":"sale","16":"shipping-taxable","17":"purchasable","18":"product-type-simple"},"_links":{"self":[{"href":"https:\/\/www.leerervape.com\/en\/wp-json\/wp\/v2\/product\/16918","targetHints":{"allow":["GET"]}}],"collection":[{"href":"https:\/\/www.leerervape.com\/en\/wp-json\/wp\/v2\/product"}],"about":[{"href":"https:\/\/www.leerervape.com\/en\/wp-json\/wp\/v2\/types\/product"}],"replies":[{"embeddable":true,"href":"https:\/\/www.leerervape.com\/en\/wp-json\/wp\/v2\/comments?post=16918"}],"version-history":[{"count":5,"href":"https:\/\/www.leerervape.com\/en\/wp-json\/wp\/v2\/product\/16918\/revisions"}],"predecessor-version":[{"id":18504,"href":"https:\/\/www.leerervape.com\/en\/wp-json\/wp\/v2\/product\/16918\/revisions\/18504"}],"wp:featuredmedia":[{"embeddable":true,"href":"https:\/\/www.leerervape.com\/en\/wp-json\/wp\/v2\/media\/16919"}],"wp:attachment":[{"href":"https:\/\/www.leerervape.com\/en\/wp-json\/wp\/v2\/media?parent=16918"}],"wp:term":[{"taxonomy":"product_brand","embeddable":true,"href":"https:\/\/www.leerervape.com\/en\/wp-json\/wp\/v2\/product_brand?post=16918"},{"taxonomy":"product_cat","embeddable":true,"href":"https:\/\/www.leerervape.com\/en\/wp-json\/wp\/v2\/product_cat?post=16918"},{"taxonomy":"product_tag","embeddable":true,"href":"https:\/\/www.leerervape.com\/en\/wp-json\/wp\/v2\/product_tag?post=16918"}],"curies":[{"name":"wp","href":"https:\/\/api.w.org\/{rel}","templated":true}]}}