{"id":16901,"date":"2025-12-24T07:29:13","date_gmt":"2025-12-24T07:29:13","guid":{"rendered":"https:\/\/www.leerervape.com\/?post_type=product&#038;p=16901"},"modified":"2026-04-13T10:30:37","modified_gmt":"2026-04-13T10:30:37","slug":"guenstige-vapes-mit-led-display-im-grosshandel-packwoods-runtz-v2-2g-einweg-vape","status":"publish","type":"product","link":"https:\/\/www.leerervape.com\/en\/product\/guenstige-vapes-mit-led-display-im-grosshandel-packwoods-runtz-v2-2g-einweg-vape\/","title":{"rendered":"cheap led screen vape bulk | packwoods runtz 2g disposable"},"content":{"rendered":"<div data-elementor-type=\"product-post\" data-elementor-id=\"16901\" class=\"elementor elementor-16901\" data-elementor-post-type=\"product\">\n\t\t\t\t<div class=\"wd-negative-gap elementor-element elementor-element-674fc749 e-flex e-con-boxed e-con e-parent\" data-id=\"674fc749\" data-element_type=\"container\">\n\t\t\t\t\t<div class=\"e-con-inner\">\n\t\t\t\t<div class=\"elementor-element elementor-element-5e9e1c30 color-scheme-inherit text-left elementor-widget elementor-widget-text-editor\" data-id=\"5e9e1c30\" data-element_type=\"widget\" data-widget_type=\"text-editor.default\">\n\t\t\t\t<div class=\"elementor-widget-container\">\n\t\t\t\t\t\t\t\t\t<p data-start=\"209\" data-end=\"620\" class=\"translation-block\">The Packwoods Runtz V2 2g disposable vape impresses with attractive wholesale pricing, a modern LED display, and an improved V2 device generation.  With a 2g capacity, stable heating technology, and optimized airflow, this disposable device delivers consistent, intense vapor with every puff.<\/p><p data-start=\"622\" data-end=\"985\" class=\"translation-block\">The integrated LED display provides a clear indication of battery status and usage, significantly enhancing the user experience. Combined with the popular Packwoods Runtz design, this model is a sought-after trend product, ideal for retailers looking to offer affordable, technologically advanced, and fast-selling vapes at wholesale prices.<\/p>\t\t\t\t\t\t\t\t<\/div>\n\t\t\t\t<\/div>\n\t\t\t\t\t<\/div>\n\t\t\t\t<\/div>\n\t\t<div class=\"wd-negative-gap elementor-element elementor-element-42a30876 e-flex e-con-boxed e-con e-parent\" data-id=\"42a30876\" data-element_type=\"container\">\n\t\t\t\t\t<div class=\"e-con-inner\">\n\t\t\t\t<div class=\"elementor-element elementor-element-e8dc1ed elementor-widget__width-initial elementor-widget elementor-widget-wd_text_block\" data-id=\"e8dc1ed\" data-element_type=\"widget\" data-widget_type=\"wd_text_block.default\">\n\t\t\t\t<div class=\"elementor-widget-container\">\n\t\t\t\t\t\t\t<div class=\"wd-text-block reset-last-child text-left\">\n\t\t\t\n\t\t\t<h4>Packwoods X Runtz V2 10 flavors<\/h4><table width=\"520\"><tbody><tr><td width=\"520\">yuzu\u00a0\u00a0zebna<\/td><\/tr><tr><td>High\u00a0Octane<\/td><\/tr><tr><td>Raging\u00a0Bull<\/td><\/tr><tr><td>Rainbaw\u00a0Belts<\/td><\/tr><tr><td>Blue\u00a0Dneam<\/td><\/tr><tr><td>Banana\u00a0Fasten<\/td><\/tr><tr><td>Papaya\u00a0Peach<\/td><\/tr><tr><td>Pink\u00a0Dnink<\/td><\/tr><tr><td>Cnapefnuit\u00a0Haze<\/td><\/tr><tr><td>Strawberry\u00a0Pappeny<\/td><\/tr><\/tbody><\/table><p>\u00a0<\/p>\n\t\t\t\t\t<\/div>\n\t\t\t\t\t\t<\/div>\n\t\t\t\t<\/div>\n\t\t\t\t<div class=\"elementor-element elementor-element-25741d73 elementor-widget__width-initial elementor-widget elementor-widget-wd_image_or_svg\" data-id=\"25741d73\" data-element_type=\"widget\" data-widget_type=\"wd_image_or_svg.default\">\n\t\t\t\t<div class=\"elementor-widget-container\">\n\t\t\t\t\t\n\t\t<div class=\"wd-image text-left\">\n\t\t\t\t\t\t\t\t<img fetchpriority=\"high\" decoding=\"async\" width=\"1000\" height=\"1000\" src=\"https:\/\/www.leerervape.com\/wp-content\/uploads\/2025\/12\/26-3.jpg\" class=\"attachment-full size-full\" alt=\"\" srcset=\"https:\/\/www.leerervape.com\/wp-content\/uploads\/2025\/12\/26-3.jpg 1000w, https:\/\/www.leerervape.com\/wp-content\/uploads\/2025\/12\/26-3-300x300.jpg 300w, https:\/\/www.leerervape.com\/wp-content\/uploads\/2025\/12\/26-3-800x800.jpg 800w, https:\/\/www.leerervape.com\/wp-content\/uploads\/2025\/12\/26-3-150x150.jpg 150w, https:\/\/www.leerervape.com\/wp-content\/uploads\/2025\/12\/26-3-768x768.jpg 768w, https:\/\/www.leerervape.com\/wp-content\/uploads\/2025\/12\/26-3-12x12.jpg 12w, https:\/\/www.leerervape.com\/wp-content\/uploads\/2025\/12\/26-3-430x430.jpg 430w, https:\/\/www.leerervape.com\/wp-content\/uploads\/2025\/12\/26-3-700x700.jpg 700w\" sizes=\"(max-width: 1000px) 100vw, 1000px\" \/>\t\t\t\t\t<\/div>\n\n\t\t\t\t\t\t<\/div>\n\t\t\t\t<\/div>\n\t\t\t\t\t<\/div>\n\t\t\t\t<\/div>\n\t\t\t\t<\/div>","protected":false},"excerpt":{"rendered":"<p>Der Packwoods Runtz V2 2g Einweg-Vape \u00fcberzeugt durch attraktive Gro\u00dfhandelspreise, ein modernes LED-Display und eine verbesserte V2-Ger\u00e4tegeneration. Mit einer 2-g-Kapazit\u00e4t,<\/p>","protected":false},"featured_media":16902,"comment_status":"open","ping_status":"closed","template":"","meta":[],"product_brand":[164],"product_cat":[30,28,166,165],"product_tag":[],"class_list":{"0":"post-16901","1":"product","2":"type-product","3":"status-publish","4":"has-post-thumbnail","6":"product_brand-packwoods-vape","7":"product_cat-leerer-2g-vape","8":"product_cat-leerer-led-vape","9":"product_cat-packwoods-runtz-einweg-vapes-im-grosshandel","10":"product_cat-packwoods-runtz-vapes-im-grosshandel","12":"first","13":"instock","14":"sale","15":"shipping-taxable","16":"purchasable","17":"product-type-variable"},"_links":{"self":[{"href":"https:\/\/www.leerervape.com\/en\/wp-json\/wp\/v2\/product\/16901","targetHints":{"allow":["GET"]}}],"collection":[{"href":"https:\/\/www.leerervape.com\/en\/wp-json\/wp\/v2\/product"}],"about":[{"href":"https:\/\/www.leerervape.com\/en\/wp-json\/wp\/v2\/types\/product"}],"replies":[{"embeddable":true,"href":"https:\/\/www.leerervape.com\/en\/wp-json\/wp\/v2\/comments?post=16901"}],"version-history":[{"count":5,"href":"https:\/\/www.leerervape.com\/en\/wp-json\/wp\/v2\/product\/16901\/revisions"}],"predecessor-version":[{"id":18509,"href":"https:\/\/www.leerervape.com\/en\/wp-json\/wp\/v2\/product\/16901\/revisions\/18509"}],"wp:featuredmedia":[{"embeddable":true,"href":"https:\/\/www.leerervape.com\/en\/wp-json\/wp\/v2\/media\/16902"}],"wp:attachment":[{"href":"https:\/\/www.leerervape.com\/en\/wp-json\/wp\/v2\/media?parent=16901"}],"wp:term":[{"taxonomy":"product_brand","embeddable":true,"href":"https:\/\/www.leerervape.com\/en\/wp-json\/wp\/v2\/product_brand?post=16901"},{"taxonomy":"product_cat","embeddable":true,"href":"https:\/\/www.leerervape.com\/en\/wp-json\/wp\/v2\/product_cat?post=16901"},{"taxonomy":"product_tag","embeddable":true,"href":"https:\/\/www.leerervape.com\/en\/wp-json\/wp\/v2\/product_tag?post=16901"}],"curies":[{"name":"wp","href":"https:\/\/api.w.org\/{rel}","templated":true}]}}