{"id":16795,"date":"2025-12-16T07:24:15","date_gmt":"2025-12-16T07:24:15","guid":{"rendered":"https:\/\/www.leerervape.com\/?post_type=product&#038;p=16795"},"modified":"2026-04-13T10:38:58","modified_gmt":"2026-04-13T10:38:58","slug":"preiswerte-hochwertige-empty-vapes-im-grosshandel-jeeter-juice-2g-einweg-vape","status":"publish","type":"product","link":"https:\/\/www.leerervape.com\/en\/product\/preiswerte-hochwertige-empty-vapes-im-grosshandel-jeeter-juice-2g-einweg-vape\/","title":{"rendered":"affordable high quality empty vape bulk | jeeter juice 2g disposable"},"content":{"rendered":"<div data-elementor-type=\"product-post\" data-elementor-id=\"16795\" class=\"elementor elementor-16795\" data-elementor-post-type=\"product\">\n\t\t\t\t<div class=\"wd-negative-gap elementor-element elementor-element-45f775cc e-flex e-con-boxed e-con e-parent\" data-id=\"45f775cc\" data-element_type=\"container\">\n\t\t\t\t\t<div class=\"e-con-inner\">\n\t\t\t\t<div class=\"elementor-element elementor-element-76d31bb5 color-scheme-inherit text-left elementor-widget elementor-widget-text-editor\" data-id=\"76d31bb5\" data-element_type=\"widget\" data-widget_type=\"text-editor.default\">\n\t\t\t\t<div class=\"elementor-widget-container\">\n\t\t\t\t\t\t\t\t\t<p data-start=\"212\" data-end=\"644\" class=\"translation-block\">The Jeeter Juice 2g disposable vape is an affordable yet high-quality empty vape available wholesale, ideal for brands, fillers, and distributors seeking a reliable and versatile device. This model comes without pre-filled oil and is perfect for custom filling with your own oils or liquids.<\/p><p data-start=\"646\" data-end=\"983\" class=\"translation-block\">With a 2g capacity, stable heating technology, and clean, leak-proof construction, the Jeeter Juice 2g delivers consistent vaporization and reliable performance. The modern Jeeter design ensures high brand recognition, while the competitive wholesale price allows for strong margins and quick sales.<\/p>\t\t\t\t\t\t\t\t<\/div>\n\t\t\t\t<\/div>\n\t\t\t\t\t<\/div>\n\t\t\t\t<\/div>\n\t\t<div class=\"wd-negative-gap elementor-element elementor-element-226c35d2 e-flex e-con-boxed e-con e-parent\" data-id=\"226c35d2\" data-element_type=\"container\">\n\t\t\t\t\t<div class=\"e-con-inner\">\n\t\t\t\t<div class=\"elementor-element elementor-element-7d533606 elementor-widget__width-initial elementor-widget elementor-widget-wd_text_block\" data-id=\"7d533606\" data-element_type=\"widget\" data-widget_type=\"wd_text_block.default\">\n\t\t\t\t<div class=\"elementor-widget-container\">\n\t\t\t\t\t\t\t<div class=\"wd-text-block reset-last-child text-left\">\n\t\t\t\n\t\t\t<h4>Jeeter Juice 10 flavors<\/h4><table style=\"border-collapse: collapse; width: 390.02pt;\" border=\"0\" width=\"520\" cellspacing=\"0\" cellpadding=\"0\"><tbody><tr style=\"height: 17.00pt;\"><td class=\"et4\" style=\"height: 17.00pt; width: 390.60pt;\" width=\"520\" height=\"22\">DUTCH PASSION<\/td><\/tr><tr style=\"height: 17.00pt;\"><td class=\"et5\" style=\"height: 17.00pt; width: 390.60pt;\" width=\"520\" height=\"22\">KISH<\/td><\/tr><tr style=\"height: 17.00pt;\"><td class=\"et4\" style=\"height: 17.00pt; width: 390.60pt;\" width=\"520\" height=\"22\">SKY LOTUS<\/td><\/tr><tr style=\"height: 17.00pt;\"><td class=\"et4\" style=\"height: 17.00pt; width: 390.60pt;\" width=\"520\" height=\"22\">TK LATO<\/td><\/tr><tr style=\"height: 17.00pt;\"><td class=\"et6\" style=\"height: 17.00pt;\" height=\"22\">DURBAN POISON<\/td><\/tr><tr style=\"height: 17.00pt;\"><td class=\"et6\" style=\"height: 17.00pt;\" height=\"22\">LAVENDER JONES<\/td><\/tr><tr style=\"height: 17.00pt;\"><td class=\"et6\" style=\"height: 17.00pt;\" height=\"22\">WHIE BUFFALO<\/td><\/tr><tr style=\"height: 17.00pt;\"><td class=\"et6\" style=\"height: 17.00pt;\" height=\"22\">PUNCH BREATH<\/td><\/tr><tr style=\"height: 17.00pt;\"><td class=\"et6\" style=\"height: 17.00pt;\" height=\"22\">COSMOS<\/td><\/tr><tr style=\"height: 17.00pt;\"><td class=\"et6\" style=\"height: 17.00pt;\" height=\"22\">CHERRY PUNCH<\/td><\/tr><\/tbody><\/table><p>\u00a0<\/p>\n\t\t\t\t\t<\/div>\n\t\t\t\t\t\t<\/div>\n\t\t\t\t<\/div>\n\t\t\t\t<div class=\"elementor-element elementor-element-524f8a65 elementor-widget__width-initial elementor-widget elementor-widget-wd_image_or_svg\" data-id=\"524f8a65\" data-element_type=\"widget\" data-widget_type=\"wd_image_or_svg.default\">\n\t\t\t\t<div class=\"elementor-widget-container\">\n\t\t\t\t\t\n\t\t<div class=\"wd-image text-left\">\n\t\t\t\t\t\t\t\t<img fetchpriority=\"high\" decoding=\"async\" width=\"1000\" height=\"1000\" src=\"https:\/\/www.leerervape.com\/wp-content\/uploads\/2025\/12\/24-5.jpg\" class=\"attachment-full size-full\" alt=\"\" srcset=\"https:\/\/www.leerervape.com\/wp-content\/uploads\/2025\/12\/24-5.jpg 1000w, https:\/\/www.leerervape.com\/wp-content\/uploads\/2025\/12\/24-5-300x300.jpg 300w, https:\/\/www.leerervape.com\/wp-content\/uploads\/2025\/12\/24-5-800x800.jpg 800w, https:\/\/www.leerervape.com\/wp-content\/uploads\/2025\/12\/24-5-150x150.jpg 150w, https:\/\/www.leerervape.com\/wp-content\/uploads\/2025\/12\/24-5-768x768.jpg 768w, https:\/\/www.leerervape.com\/wp-content\/uploads\/2025\/12\/24-5-12x12.jpg 12w, https:\/\/www.leerervape.com\/wp-content\/uploads\/2025\/12\/24-5-430x430.jpg 430w, https:\/\/www.leerervape.com\/wp-content\/uploads\/2025\/12\/24-5-700x700.jpg 700w\" sizes=\"(max-width: 1000px) 100vw, 1000px\" \/>\t\t\t\t\t<\/div>\n\n\t\t\t\t\t\t<\/div>\n\t\t\t\t<\/div>\n\t\t\t\t\t<\/div>\n\t\t\t\t<\/div>\n\t\t\t\t<\/div>","protected":false},"excerpt":{"rendered":"<p>Der Jeeter Juice 2g Einweg-Vape ist ein preiswerter, dennoch hochwertiger Empty-Vape im Gro\u00dfhandel, ideal f\u00fcr Marken, Abf\u00fcller und H\u00e4ndler, die<\/p>","protected":false},"featured_media":16796,"comment_status":"open","ping_status":"closed","template":"","meta":[],"product_brand":[163],"product_cat":[30,107,106],"product_tag":[],"class_list":{"0":"post-16795","1":"product","2":"type-product","3":"status-publish","4":"has-post-thumbnail","6":"product_brand-jeeter-juice-vape","7":"product_cat-leerer-2g-vape","8":"product_cat-jeeter-einweg","9":"product_cat-jeeter-vapes-im-grosshandel","11":"first","12":"instock","13":"sale","14":"shipping-taxable","15":"purchasable","16":"product-type-variable"},"_links":{"self":[{"href":"https:\/\/www.leerervape.com\/en\/wp-json\/wp\/v2\/product\/16795","targetHints":{"allow":["GET"]}}],"collection":[{"href":"https:\/\/www.leerervape.com\/en\/wp-json\/wp\/v2\/product"}],"about":[{"href":"https:\/\/www.leerervape.com\/en\/wp-json\/wp\/v2\/types\/product"}],"replies":[{"embeddable":true,"href":"https:\/\/www.leerervape.com\/en\/wp-json\/wp\/v2\/comments?post=16795"}],"version-history":[{"count":4,"href":"https:\/\/www.leerervape.com\/en\/wp-json\/wp\/v2\/product\/16795\/revisions"}],"predecessor-version":[{"id":18533,"href":"https:\/\/www.leerervape.com\/en\/wp-json\/wp\/v2\/product\/16795\/revisions\/18533"}],"wp:featuredmedia":[{"embeddable":true,"href":"https:\/\/www.leerervape.com\/en\/wp-json\/wp\/v2\/media\/16796"}],"wp:attachment":[{"href":"https:\/\/www.leerervape.com\/en\/wp-json\/wp\/v2\/media?parent=16795"}],"wp:term":[{"taxonomy":"product_brand","embeddable":true,"href":"https:\/\/www.leerervape.com\/en\/wp-json\/wp\/v2\/product_brand?post=16795"},{"taxonomy":"product_cat","embeddable":true,"href":"https:\/\/www.leerervape.com\/en\/wp-json\/wp\/v2\/product_cat?post=16795"},{"taxonomy":"product_tag","embeddable":true,"href":"https:\/\/www.leerervape.com\/en\/wp-json\/wp\/v2\/product_tag?post=16795"}],"curies":[{"name":"wp","href":"https:\/\/api.w.org\/{rel}","templated":true}]}}