{"id":16773,"date":"2025-12-12T09:55:25","date_gmt":"2025-12-12T09:55:25","guid":{"rendered":"https:\/\/www.leerervape.com\/?post_type=product&#038;p=16773"},"modified":"2026-04-13T10:50:48","modified_gmt":"2026-04-13T10:50:48","slug":"grosshandel-guenstiger-hersteller-vape-raw-garden-2g-einweg-vape","status":"publish","type":"product","link":"https:\/\/www.leerervape.com\/en\/product\/grosshandel-guenstiger-hersteller-vape-raw-garden-2g-einweg-vape\/","title":{"rendered":"wholesale cheap manufacturer vape | raw garden disposable 2g"},"content":{"rendered":"<div data-elementor-type=\"product-post\" data-elementor-id=\"16773\" class=\"elementor elementor-16773\" data-elementor-post-type=\"product\">\n\t\t\t\t<div class=\"wd-negative-gap elementor-element elementor-element-2374026a e-flex e-con-boxed e-con e-parent\" data-id=\"2374026a\" data-element_type=\"container\">\n\t\t\t\t\t<div class=\"e-con-inner\">\n\t\t\t\t<div class=\"elementor-element elementor-element-6b2d1107 color-scheme-inherit text-left elementor-widget elementor-widget-text-editor\" data-id=\"6b2d1107\" data-element_type=\"widget\" data-widget_type=\"text-editor.default\">\n\t\t\t\t<div class=\"elementor-widget-container\">\n\t\t\t\t\t\t\t\t\t<p data-start=\"189\" data-end=\"707\" class=\"translation-block\">The <strong data-start=\"264\" data-end=\"293\">Raw Garden 2g Disposable Vape<\/strong> is an <strong data-start=\"302\" data-end=\"350\">affordable, high-quality manufacturer's vape<\/strong> designed specifically for wholesalers, brands, and shops that require a <strong data-start=\"425\" data-end=\"475\">high-performance and reliably manufactured<\/strong> device. With its <strong data-start=\"504\" data-end=\"521\">2g capacity<\/strong>, a stable heating element, and a leak-proof, clean design, this disposable vape delivers <strong data-start=\"628\" data-end=\"668\">consistent, smooth vapor production<\/strong> and a premium user experience.<\/p><p data-start=\"709\" data-end=\"1040\" class=\"translation-block\">Thanks to the manufacturer-direct pricing, the Raw Garden 2g is ideally suited for bulk orders, while also offering strong profit margins and high sales velocity. Its modern design and robust build quality make it particularly attractive for both private label brands and the general wholesale market.<\/p>\t\t\t\t\t\t\t\t<\/div>\n\t\t\t\t<\/div>\n\t\t\t\t\t<\/div>\n\t\t\t\t<\/div>\n\t\t<div class=\"wd-negative-gap elementor-element elementor-element-2ace3c7f e-flex e-con-boxed e-con e-parent\" data-id=\"2ace3c7f\" data-element_type=\"container\">\n\t\t\t\t\t<div class=\"e-con-inner\">\n\t\t\t\t<div class=\"elementor-element elementor-element-7ebdda34 elementor-widget__width-initial elementor-widget elementor-widget-wd_text_block\" data-id=\"7ebdda34\" data-element_type=\"widget\" data-widget_type=\"wd_text_block.default\">\n\t\t\t\t<div class=\"elementor-widget-container\">\n\t\t\t\t\t\t\t<div class=\"wd-text-block reset-last-child text-left\">\n\t\t\t\n\t\t\t<h4>Raw Garden 10 flavors<\/h4><table style=\"border-collapse: collapse; width: 390.02pt;\" border=\"0\" width=\"520\" cellspacing=\"0\" cellpadding=\"0\"><tbody><tr style=\"height: 17.00pt;\"><td class=\"et4\" style=\"height: 17.00pt; width: 390.60pt;\" width=\"520\" height=\"22\">Cereal Milk<\/td><\/tr><tr style=\"height: 17.00pt;\"><td class=\"et4\" style=\"height: 17.00pt;\" height=\"22\">GMO Glue<\/td><\/tr><tr style=\"height: 17.00pt;\"><td class=\"et4\" style=\"height: 17.00pt;\" height=\"22\">Skynana<\/td><\/tr><tr style=\"height: 17.00pt;\"><td class=\"et5\" style=\"height: 17.00pt;\" height=\"22\">Kimbo Dream<\/td><\/tr><tr style=\"height: 17.00pt;\"><td class=\"et5\" style=\"height: 17.00pt;\" height=\"22\">Tropicana Cherry<\/td><\/tr><tr style=\"height: 17.00pt;\"><td class=\"et5\" style=\"height: 17.00pt;\" height=\"22\">Vision OG<\/td><\/tr><tr style=\"height: 17.00pt;\"><td class=\"et5\" style=\"height: 17.00pt;\" height=\"22\">Foresight<\/td><\/tr><tr style=\"height: 17.00pt;\"><td class=\"et5\" style=\"height: 17.00pt;\" height=\"22\">Citron Soda<\/td><\/tr><tr style=\"height: 17.00pt;\"><td class=\"et5\" style=\"height: 17.00pt;\" height=\"22\">Fresh Water Taffy<\/td><\/tr><tr style=\"height: 17.00pt;\"><td class=\"et5\" style=\"height: 17.00pt;\" height=\"22\">Lemon Oz<\/td><\/tr><\/tbody><\/table><p>\u00a0<\/p>\n\t\t\t\t\t<\/div>\n\t\t\t\t\t\t<\/div>\n\t\t\t\t<\/div>\n\t\t\t\t<div class=\"elementor-element elementor-element-1251b24c elementor-widget__width-initial elementor-widget elementor-widget-wd_image_or_svg\" data-id=\"1251b24c\" data-element_type=\"widget\" data-widget_type=\"wd_image_or_svg.default\">\n\t\t\t\t<div class=\"elementor-widget-container\">\n\t\t\t\t\t\n\t\t<div class=\"wd-image text-left\">\n\t\t\t\t\t\t\t\t<img fetchpriority=\"high\" decoding=\"async\" width=\"1000\" height=\"1000\" src=\"https:\/\/www.leerervape.com\/wp-content\/uploads\/2025\/12\/30-1.jpg\" class=\"attachment-full size-full\" alt=\"\" srcset=\"https:\/\/www.leerervape.com\/wp-content\/uploads\/2025\/12\/30-1.jpg 1000w, https:\/\/www.leerervape.com\/wp-content\/uploads\/2025\/12\/30-1-300x300.jpg 300w, https:\/\/www.leerervape.com\/wp-content\/uploads\/2025\/12\/30-1-800x800.jpg 800w, https:\/\/www.leerervape.com\/wp-content\/uploads\/2025\/12\/30-1-150x150.jpg 150w, https:\/\/www.leerervape.com\/wp-content\/uploads\/2025\/12\/30-1-768x768.jpg 768w, https:\/\/www.leerervape.com\/wp-content\/uploads\/2025\/12\/30-1-12x12.jpg 12w, https:\/\/www.leerervape.com\/wp-content\/uploads\/2025\/12\/30-1-430x430.jpg 430w, https:\/\/www.leerervape.com\/wp-content\/uploads\/2025\/12\/30-1-700x700.jpg 700w\" sizes=\"(max-width: 1000px) 100vw, 1000px\" \/>\t\t\t\t\t<\/div>\n\n\t\t\t\t\t\t<\/div>\n\t\t\t\t<\/div>\n\t\t\t\t\t<\/div>\n\t\t\t\t<\/div>\n\t\t\t\t<\/div>","protected":false},"excerpt":{"rendered":"<p>Der Raw Garden 2g Einweg-Vape ist ein preisg\u00fcnstiger, hochwertiger Hersteller-Vape, der speziell f\u00fcr Gro\u00dfh\u00e4ndler, Marken und Shops entwickelt wurde, die<\/p>","protected":false},"featured_media":16775,"comment_status":"open","ping_status":"closed","template":"","meta":[],"product_brand":[162],"product_cat":[30,195,194],"product_tag":[],"class_list":{"0":"post-16773","1":"product","2":"type-product","3":"status-publish","4":"has-post-thumbnail","6":"product_brand-raw-garden-vape","7":"product_cat-leerer-2g-vape","8":"product_cat-raw-garden-einweg-vapes-im-grosshandel","9":"product_cat-raw-garden-vapes-im-grosshandel","11":"first","12":"instock","13":"sale","14":"shipping-taxable","15":"purchasable","16":"product-type-simple"},"_links":{"self":[{"href":"https:\/\/www.leerervape.com\/en\/wp-json\/wp\/v2\/product\/16773","targetHints":{"allow":["GET"]}}],"collection":[{"href":"https:\/\/www.leerervape.com\/en\/wp-json\/wp\/v2\/product"}],"about":[{"href":"https:\/\/www.leerervape.com\/en\/wp-json\/wp\/v2\/types\/product"}],"replies":[{"embeddable":true,"href":"https:\/\/www.leerervape.com\/en\/wp-json\/wp\/v2\/comments?post=16773"}],"version-history":[{"count":4,"href":"https:\/\/www.leerervape.com\/en\/wp-json\/wp\/v2\/product\/16773\/revisions"}],"predecessor-version":[{"id":18538,"href":"https:\/\/www.leerervape.com\/en\/wp-json\/wp\/v2\/product\/16773\/revisions\/18538"}],"wp:featuredmedia":[{"embeddable":true,"href":"https:\/\/www.leerervape.com\/en\/wp-json\/wp\/v2\/media\/16775"}],"wp:attachment":[{"href":"https:\/\/www.leerervape.com\/en\/wp-json\/wp\/v2\/media?parent=16773"}],"wp:term":[{"taxonomy":"product_brand","embeddable":true,"href":"https:\/\/www.leerervape.com\/en\/wp-json\/wp\/v2\/product_brand?post=16773"},{"taxonomy":"product_cat","embeddable":true,"href":"https:\/\/www.leerervape.com\/en\/wp-json\/wp\/v2\/product_cat?post=16773"},{"taxonomy":"product_tag","embeddable":true,"href":"https:\/\/www.leerervape.com\/en\/wp-json\/wp\/v2\/product_tag?post=16773"}],"curies":[{"name":"wp","href":"https:\/\/api.w.org\/{rel}","templated":true}]}}