{"id":16630,"date":"2025-12-04T08:50:51","date_gmt":"2025-12-04T08:50:51","guid":{"rendered":"https:\/\/www.leerervape.com\/?post_type=product&#038;p=16630"},"modified":"2026-04-13T10:59:33","modified_gmt":"2026-04-13T10:59:33","slug":"hochwertige-wiederaufladbare-und-preisguenstige-vapes-im-grosshandel-whole-melt-v7-2g-einweg-vape-pen","status":"publish","type":"product","link":"https:\/\/www.leerervape.com\/en\/product\/hochwertige-wiederaufladbare-und-preisguenstige-vapes-im-grosshandel-whole-melt-v7-2g-einweg-vape-pen\/","title":{"rendered":"top-quality rechargeable affordable vape bulk | whole melt v7 2g disposable pen"},"content":{"rendered":"<div data-elementor-type=\"product-post\" data-elementor-id=\"16630\" class=\"elementor elementor-16630\" data-elementor-post-type=\"product\">\n\t\t\t\t<div class=\"wd-negative-gap elementor-element elementor-element-7f1ae7cd e-flex e-con-boxed e-con e-parent\" data-id=\"7f1ae7cd\" data-element_type=\"container\">\n\t\t\t\t\t<div class=\"e-con-inner\">\n\t\t\t\t<div class=\"elementor-element elementor-element-3c424f8d color-scheme-inherit text-left elementor-widget elementor-widget-text-editor\" data-id=\"3c424f8d\" data-element_type=\"widget\" data-widget_type=\"text-editor.default\">\n\t\t\t\t<div class=\"elementor-widget-container\">\n\t\t\t\t\t\t\t\t\t<p data-start=\"219\" data-end=\"648\" class=\"translation-block\">The Whole Melt V7 2g disposable vape pen combines premium craftsmanship, rechargeable technology, and a highly attractive wholesale price. With a generous 2g capacity, a stable heating core, and smooth airflow, it delivers consistent, intense vapor until the very last puff.<\/p><p data-start=\"650\" data-end=\"989\" class=\"translation-block\">Thanks to the rechargeable battery, users benefit from extended usage time, while retailers and wholesalers enjoy high demand, strong margins, and rapid sales. The modern V7 design makes this disposable vape a trendsetting product that is highly popular in both retail and online sales.<\/p>\t\t\t\t\t\t\t\t<\/div>\n\t\t\t\t<\/div>\n\t\t\t\t\t<\/div>\n\t\t\t\t<\/div>\n\t\t<div class=\"wd-negative-gap elementor-element elementor-element-3a3bde8 e-flex e-con-boxed e-con e-parent\" data-id=\"3a3bde8\" data-element_type=\"container\">\n\t\t\t\t\t<div class=\"e-con-inner\">\n\t\t\t\t<div class=\"elementor-element elementor-element-248e8df7 elementor-widget__width-initial elementor-widget elementor-widget-wd_text_block\" data-id=\"248e8df7\" data-element_type=\"widget\" data-widget_type=\"wd_text_block.default\">\n\t\t\t\t<div class=\"elementor-widget-container\">\n\t\t\t\t\t\t\t<div class=\"wd-text-block reset-last-child text-left\">\n\t\t\t\n\t\t\t<h1>Whole Melt V7 10 dual flavors<\/h1><table style=\"border-collapse: collapse; width: 390.02pt;\" border=\"0\" width=\"520\" cellspacing=\"0\" cellpadding=\"0\"><tbody><tr style=\"height: 17.00pt;\"><td class=\"et4\" style=\"height: 17.00pt; width: 390.60pt;\" width=\"520\" height=\"22\">BLACKBERRY FIRE + LEMONATTI<\/td><\/tr><tr style=\"height: 17.00pt;\"><td class=\"et5\" style=\"height: 17.00pt;\" height=\"22\">YELLOW MELONZ + CANDY CHROME<\/td><\/tr><tr style=\"height: 17.00pt;\"><td class=\"et5\" style=\"height: 17.00pt;\" height=\"22\">BLUE DAY DREAM + GRAPE MOCH<\/td><\/tr><tr style=\"height: 17.00pt;\"><td class=\"et5\" style=\"height: 17.00pt;\" height=\"22\">BUBBLICIOUS + WATERMELON SOUR<\/td><\/tr><tr style=\"height: 17.00pt;\"><td class=\"et5\" style=\"height: 17.00pt;\" height=\"22\">SUGAR SPRITZ + MELTED STRAW NANA<\/td><\/tr><tr style=\"height: 17.00pt;\"><td class=\"et5\" style=\"height: 17.00pt;\" height=\"22\">DEVIL FRUIT + ZKYWALKER<\/td><\/tr><tr style=\"height: 17.00pt;\"><td class=\"et5\" style=\"height: 17.00pt;\" height=\"22\">ZAYAYA + KEY LIME LAKE<\/td><\/tr><tr style=\"height: 17.00pt;\"><td class=\"et4\" style=\"height: 17.00pt; width: 390.60pt;\" width=\"520\" height=\"22\">BLUE AMNESIA + LIME HEADS<\/td><\/tr><tr style=\"height: 17.00pt;\"><td class=\"et4\" style=\"height: 17.00pt; width: 390.60pt;\" width=\"520\" height=\"22\">MOCHIEJEL + CRANBERRY ZKITTLEY<\/td><\/tr><tr style=\"height: 17.00pt;\"><td class=\"et4\" style=\"height: 17.00pt; width: 390.60pt;\" width=\"520\" height=\"22\">HONEY BANANA + ACOU MINTS<\/td><\/tr><\/tbody><\/table><p>\u00a0<\/p>\n\t\t\t\t\t<\/div>\n\t\t\t\t\t\t<\/div>\n\t\t\t\t<\/div>\n\t\t\t\t<div class=\"elementor-element elementor-element-3e5a0880 elementor-widget__width-initial elementor-widget elementor-widget-wd_image_or_svg\" data-id=\"3e5a0880\" data-element_type=\"widget\" data-widget_type=\"wd_image_or_svg.default\">\n\t\t\t\t<div class=\"elementor-widget-container\">\n\t\t\t\t\t\n\t\t<div class=\"wd-image text-left\">\n\t\t\t\t\t\t\t\t<img fetchpriority=\"high\" decoding=\"async\" width=\"1000\" height=\"1000\" src=\"https:\/\/www.leerervape.com\/wp-content\/uploads\/2025\/12\/27-3.jpg\" class=\"attachment-full size-full\" alt=\"\" srcset=\"https:\/\/www.leerervape.com\/wp-content\/uploads\/2025\/12\/27-3.jpg 1000w, https:\/\/www.leerervape.com\/wp-content\/uploads\/2025\/12\/27-3-300x300.jpg 300w, https:\/\/www.leerervape.com\/wp-content\/uploads\/2025\/12\/27-3-800x800.jpg 800w, https:\/\/www.leerervape.com\/wp-content\/uploads\/2025\/12\/27-3-150x150.jpg 150w, https:\/\/www.leerervape.com\/wp-content\/uploads\/2025\/12\/27-3-768x768.jpg 768w, https:\/\/www.leerervape.com\/wp-content\/uploads\/2025\/12\/27-3-12x12.jpg 12w, https:\/\/www.leerervape.com\/wp-content\/uploads\/2025\/12\/27-3-430x430.jpg 430w, https:\/\/www.leerervape.com\/wp-content\/uploads\/2025\/12\/27-3-700x700.jpg 700w\" sizes=\"(max-width: 1000px) 100vw, 1000px\" \/>\t\t\t\t\t<\/div>\n\n\t\t\t\t\t\t<\/div>\n\t\t\t\t<\/div>\n\t\t\t\t\t<\/div>\n\t\t\t\t<\/div>\n\t\t\t\t<\/div>","protected":false},"excerpt":{"rendered":"<p>Der Whole Melt V7 2g Einweg-Vape-Pen kombiniert Premium-Verarbeitung, wiederaufladbare Technologie und ein \u00e4u\u00dferst attraktives Gro\u00dfhandelspreisniveau. Mit einer gro\u00dfz\u00fcgigen 2-g-Kapazit\u00e4t, einem<\/p>","protected":false},"featured_media":16631,"comment_status":"open","ping_status":"closed","template":"","meta":[],"product_brand":[81],"product_cat":[46,30,28,92,91,90],"product_tag":[],"class_list":{"0":"post-16630","1":"product","2":"type-product","3":"status-publish","4":"has-post-thumbnail","6":"product_brand-whole-melt-vape","7":"product_cat-leerer-doppelkammer-vape","8":"product_cat-leerer-2g-vape","9":"product_cat-leerer-led-vape","10":"product_cat-whole-melt-2g-einweg-vape","11":"product_cat-whole-melt-einweg","12":"product_cat-whole-melt-vape","14":"first","15":"instock","16":"sale","17":"shipping-taxable","18":"purchasable","19":"product-type-simple"},"_links":{"self":[{"href":"https:\/\/www.leerervape.com\/en\/wp-json\/wp\/v2\/product\/16630","targetHints":{"allow":["GET"]}}],"collection":[{"href":"https:\/\/www.leerervape.com\/en\/wp-json\/wp\/v2\/product"}],"about":[{"href":"https:\/\/www.leerervape.com\/en\/wp-json\/wp\/v2\/types\/product"}],"replies":[{"embeddable":true,"href":"https:\/\/www.leerervape.com\/en\/wp-json\/wp\/v2\/comments?post=16630"}],"version-history":[{"count":4,"href":"https:\/\/www.leerervape.com\/en\/wp-json\/wp\/v2\/product\/16630\/revisions"}],"predecessor-version":[{"id":18551,"href":"https:\/\/www.leerervape.com\/en\/wp-json\/wp\/v2\/product\/16630\/revisions\/18551"}],"wp:featuredmedia":[{"embeddable":true,"href":"https:\/\/www.leerervape.com\/en\/wp-json\/wp\/v2\/media\/16631"}],"wp:attachment":[{"href":"https:\/\/www.leerervape.com\/en\/wp-json\/wp\/v2\/media?parent=16630"}],"wp:term":[{"taxonomy":"product_brand","embeddable":true,"href":"https:\/\/www.leerervape.com\/en\/wp-json\/wp\/v2\/product_brand?post=16630"},{"taxonomy":"product_cat","embeddable":true,"href":"https:\/\/www.leerervape.com\/en\/wp-json\/wp\/v2\/product_cat?post=16630"},{"taxonomy":"product_tag","embeddable":true,"href":"https:\/\/www.leerervape.com\/en\/wp-json\/wp\/v2\/product_tag?post=16630"}],"curies":[{"name":"wp","href":"https:\/\/api.w.org\/{rel}","templated":true}]}}