{"id":16610,"date":"2025-12-03T03:17:40","date_gmt":"2025-12-03T03:17:40","guid":{"rendered":"https:\/\/www.leerervape.com\/?post_type=product&#038;p=16610"},"modified":"2026-04-13T11:13:02","modified_gmt":"2026-04-13T11:13:02","slug":"kundenspezifisch-guenstige-vapes-in-hoher-qualitaet-im-grosshandel-blinkers-2g-einweg","status":"publish","type":"product","link":"https:\/\/www.leerervape.com\/en\/product\/kundenspezifisch-guenstige-vapes-in-hoher-qualitaet-im-grosshandel-blinkers-2g-einweg\/","title":{"rendered":"custom cheap high quality vape bulk | blinkers 2g disposable"},"content":{"rendered":"<div data-elementor-type=\"product-post\" data-elementor-id=\"16610\" class=\"elementor elementor-16610\" data-elementor-post-type=\"product\">\n\t\t\t\t<div class=\"wd-negative-gap elementor-element elementor-element-64c0147e e-flex e-con-boxed e-con e-parent\" data-id=\"64c0147e\" data-element_type=\"container\">\n\t\t\t\t\t<div class=\"e-con-inner\">\n\t\t\t\t<div class=\"elementor-element elementor-element-12939231 color-scheme-inherit text-left elementor-widget elementor-widget-text-editor\" data-id=\"12939231\" data-element_type=\"widget\" data-widget_type=\"text-editor.default\">\n\t\t\t\t<div class=\"elementor-widget-container\">\n\t\t\t\t\t\t\t\t\t<p>The Blinkers 2g disposable vape is the perfect choice for brands and retailers seeking an affordable yet high-quality and fully customizable disposable vape. With a generous 2g capacity, stable heating technology, and a premium, leak-proof design, this model delivers consistent vapor, clear flavor, and reliable performance.<\/p><p>Thanks to its customization options\u2014including branding, color scheme, packaging, and model choices\u2014the Blinkers 2g disposable is ideal for businesses looking to build or expand their own product line.<\/p>\t\t\t\t\t\t\t\t<\/div>\n\t\t\t\t<\/div>\n\t\t\t\t\t<\/div>\n\t\t\t\t<\/div>\n\t\t<div class=\"wd-negative-gap elementor-element elementor-element-65a3e03e e-flex e-con-boxed e-con e-parent\" data-id=\"65a3e03e\" data-element_type=\"container\">\n\t\t\t\t\t<div class=\"e-con-inner\">\n\t\t\t\t<div class=\"elementor-element elementor-element-463ead2e elementor-widget__width-initial elementor-widget elementor-widget-wd_text_block\" data-id=\"463ead2e\" data-element_type=\"widget\" data-widget_type=\"wd_text_block.default\">\n\t\t\t\t<div class=\"elementor-widget-container\">\n\t\t\t\t\t\t\t<div class=\"wd-text-block reset-last-child text-left\">\n\t\t\t\n\t\t\t<h1>Blinkers 10 flavors<\/h1><table style=\"border-collapse: collapse; width: 390.02pt;\" border=\"0\" width=\"520\" cellspacing=\"0\" cellpadding=\"0\"><tbody><tr style=\"height: 17.00pt;\"><td class=\"et4\" style=\"height: 17.00pt; width: 390.60pt;\" width=\"520\" height=\"22\">BANANA RUNTZ<\/td><\/tr><tr style=\"height: 17.00pt;\"><td class=\"et5\" style=\"height: 17.00pt;\" height=\"22\">TROPICAL GRAPE<\/td><\/tr><tr style=\"height: 17.00pt;\"><td class=\"et5\" style=\"height: 17.00pt;\" height=\"22\">RUNTZ<\/td><\/tr><tr style=\"height: 17.00pt;\"><td class=\"et5\" style=\"height: 17.00pt;\" height=\"22\">GREEN APPLE DIESEL<\/td><\/tr><tr style=\"height: 17.00pt;\"><td class=\"et5\" style=\"height: 17.00pt;\" height=\"22\">LEMON SLUSHIE<\/td><\/tr><tr style=\"height: 17.00pt;\"><td class=\"et5\" style=\"height: 17.00pt;\" height=\"22\">GUSHERS<\/td><\/tr><tr style=\"height: 17.00pt;\"><td class=\"et5\" style=\"height: 17.00pt;\" height=\"22\">MAUI WOWIE<\/td><\/tr><tr style=\"height: 17.00pt;\"><td class=\"et4\" style=\"height: 17.00pt; width: 390.60pt;\" width=\"520\" height=\"22\">MANGO TANGO<\/td><\/tr><tr style=\"height: 17.00pt;\"><td class=\"et4\" style=\"height: 17.00pt; width: 390.60pt;\" width=\"520\" height=\"22\">OG<\/td><\/tr><tr style=\"height: 17.00pt;\"><td class=\"et4\" style=\"height: 17.00pt; width: 390.60pt;\" width=\"520\" height=\"22\">WATERMELON Z<\/td><\/tr><\/tbody><\/table><p>\u00a0<\/p>\n\t\t\t\t\t<\/div>\n\t\t\t\t\t\t<\/div>\n\t\t\t\t<\/div>\n\t\t\t\t<div class=\"elementor-element elementor-element-170d035b elementor-widget__width-initial elementor-widget elementor-widget-wd_image_or_svg\" data-id=\"170d035b\" data-element_type=\"widget\" data-widget_type=\"wd_image_or_svg.default\">\n\t\t\t\t<div class=\"elementor-widget-container\">\n\t\t\t\t\t\n\t\t<div class=\"wd-image text-left\">\n\t\t\t\t\t\t\t\t<img fetchpriority=\"high\" decoding=\"async\" width=\"1000\" height=\"1000\" src=\"https:\/\/www.leerervape.com\/wp-content\/uploads\/2025\/12\/14-3.jpg\" class=\"attachment-full size-full\" alt=\"\" srcset=\"https:\/\/www.leerervape.com\/wp-content\/uploads\/2025\/12\/14-3.jpg 1000w, https:\/\/www.leerervape.com\/wp-content\/uploads\/2025\/12\/14-3-300x300.jpg 300w, https:\/\/www.leerervape.com\/wp-content\/uploads\/2025\/12\/14-3-800x800.jpg 800w, https:\/\/www.leerervape.com\/wp-content\/uploads\/2025\/12\/14-3-150x150.jpg 150w, https:\/\/www.leerervape.com\/wp-content\/uploads\/2025\/12\/14-3-768x768.jpg 768w, https:\/\/www.leerervape.com\/wp-content\/uploads\/2025\/12\/14-3-12x12.jpg 12w, https:\/\/www.leerervape.com\/wp-content\/uploads\/2025\/12\/14-3-430x430.jpg 430w, https:\/\/www.leerervape.com\/wp-content\/uploads\/2025\/12\/14-3-700x700.jpg 700w\" sizes=\"(max-width: 1000px) 100vw, 1000px\" \/>\t\t\t\t\t<\/div>\n\n\t\t\t\t\t\t<\/div>\n\t\t\t\t<\/div>\n\t\t\t\t\t<\/div>\n\t\t\t\t<\/div>\n\t\t\t\t<\/div>","protected":false},"excerpt":{"rendered":"<p>Der Blinkers 2g Einweg-Vape ist die perfekte Wahl f\u00fcr Marken und H\u00e4ndler, die einen preisg\u00fcnstigen, dennoch hochwertigen und vollst\u00e4ndig anpassbaren<\/p>","protected":false},"featured_media":16612,"comment_status":"open","ping_status":"closed","template":"","meta":[],"product_brand":[156],"product_cat":[30,158,157,27,28],"product_tag":[],"class_list":{"0":"post-16610","1":"product","2":"type-product","3":"status-publish","4":"has-post-thumbnail","6":"product_brand-blinkers-vape","7":"product_cat-leerer-2g-vape","8":"product_cat-blinkers-einweg-vapes-im-grosshandel","9":"product_cat-blinkers-vape-im-grosshandel","10":"product_cat-eu-deutscher-lagervape","11":"product_cat-leerer-led-vape","13":"first","14":"instock","15":"sale","16":"shipping-taxable","17":"purchasable","18":"product-type-variable"},"_links":{"self":[{"href":"https:\/\/www.leerervape.com\/en\/wp-json\/wp\/v2\/product\/16610","targetHints":{"allow":["GET"]}}],"collection":[{"href":"https:\/\/www.leerervape.com\/en\/wp-json\/wp\/v2\/product"}],"about":[{"href":"https:\/\/www.leerervape.com\/en\/wp-json\/wp\/v2\/types\/product"}],"replies":[{"embeddable":true,"href":"https:\/\/www.leerervape.com\/en\/wp-json\/wp\/v2\/comments?post=16610"}],"version-history":[{"count":5,"href":"https:\/\/www.leerervape.com\/en\/wp-json\/wp\/v2\/product\/16610\/revisions"}],"predecessor-version":[{"id":18556,"href":"https:\/\/www.leerervape.com\/en\/wp-json\/wp\/v2\/product\/16610\/revisions\/18556"}],"wp:featuredmedia":[{"embeddable":true,"href":"https:\/\/www.leerervape.com\/en\/wp-json\/wp\/v2\/media\/16612"}],"wp:attachment":[{"href":"https:\/\/www.leerervape.com\/en\/wp-json\/wp\/v2\/media?parent=16610"}],"wp:term":[{"taxonomy":"product_brand","embeddable":true,"href":"https:\/\/www.leerervape.com\/en\/wp-json\/wp\/v2\/product_brand?post=16610"},{"taxonomy":"product_cat","embeddable":true,"href":"https:\/\/www.leerervape.com\/en\/wp-json\/wp\/v2\/product_cat?post=16610"},{"taxonomy":"product_tag","embeddable":true,"href":"https:\/\/www.leerervape.com\/en\/wp-json\/wp\/v2\/product_tag?post=16610"}],"curies":[{"name":"wp","href":"https:\/\/api.w.org\/{rel}","templated":true}]}}