{"id":16443,"date":"2025-11-13T11:10:41","date_gmt":"2025-11-13T11:10:41","guid":{"rendered":"https:\/\/www.leerervape.com\/?post_type=product&#038;p=16443"},"modified":"2026-04-14T02:19:58","modified_gmt":"2026-04-14T02:19:58","slug":"hochwertige-vapes-im-grosshandel-clean-carts-2g-einweg-vape","status":"publish","type":"product","link":"https:\/\/www.leerervape.com\/en\/product\/hochwertige-vapes-im-grosshandel-clean-carts-2g-einweg-vape\/","title":{"rendered":"top quality vape bulk | clean carts 2g disposable"},"content":{"rendered":"<div data-elementor-type=\"product-post\" data-elementor-id=\"16443\" class=\"elementor elementor-16443\" data-elementor-post-type=\"product\">\n\t\t\t\t<div class=\"wd-negative-gap elementor-element elementor-element-a6a59a4 e-flex e-con-boxed e-con e-parent\" data-id=\"a6a59a4\" data-element_type=\"container\">\n\t\t\t\t\t<div class=\"e-con-inner\">\n\t\t\t\t<div class=\"elementor-element elementor-element-393fa480 color-scheme-inherit text-left elementor-widget elementor-widget-text-editor\" data-id=\"393fa480\" data-element_type=\"widget\" data-widget_type=\"text-editor.default\">\n\t\t\t\t<div class=\"elementor-widget-container\">\n\t\t\t\t\t\t\t\t\t<p data-start=\"187\" data-end=\"548\" class=\"translation-block\">The Clean Carts 2g disposable vape stands for premium quality, modern design, and first-class workmanship. This device comes without pre-filled oil, allowing retailers and customers to use their own e-liquids or concentrates without compromising performance.<\/p>\r\n<p data-start=\"550\" data-end=\"894\" class=\"translation-block\">Thanks to its advanced mesh coil technology, the Clean Carts 2g delivers clear, intense flavor and dense, consistent vapor with every puff. With its 2g capacity, ergonomic shape, and stylish look, it's not only practical but also a trendsetting product on the market, proving particularly popular with consumers.<\/p>\t\t\t\t\t\t\t\t<\/div>\n\t\t\t\t<\/div>\n\t\t\t\t\t<\/div>\n\t\t\t\t<\/div>\n\t\t<div class=\"wd-negative-gap elementor-element elementor-element-4581318b e-flex e-con-boxed e-con e-parent\" data-id=\"4581318b\" data-element_type=\"container\">\n\t\t\t\t\t<div class=\"e-con-inner\">\n\t\t\t\t<div class=\"elementor-element elementor-element-1a8d4f50 elementor-widget__width-initial elementor-widget elementor-widget-wd_text_block\" data-id=\"1a8d4f50\" data-element_type=\"widget\" data-widget_type=\"wd_text_block.default\">\n\t\t\t\t<div class=\"elementor-widget-container\">\n\t\t\t\t\t\t\t<div class=\"wd-text-block reset-last-child text-left\">\n\t\t\t\n\t\t\t<h1>Clean Cart 10 flavors<\/h1><table width=\"520\"><tbody><tr><td width=\"520\">DANTE'S INFERNC<\/td><\/tr><tr><td width=\"520\">LEMCN CH ERRY GELATC<\/td><\/tr><tr><td width=\"520\">LCVE AFFAIR<\/td><\/tr><tr><td width=\"520\">JCLLY RANCHERZ<\/td><\/tr><tr><td width=\"520\">BLUE\u00a0 DREAM<\/td><\/tr><tr><td width=\"520\">Skywalker OG<\/td><\/tr><tr><td width=\"520\">STARBU RST<\/td><\/tr><tr><td width=\"520\">BLACKBERRY KUSH<\/td><\/tr><tr><td width=\"520\">BIRTHDAY\u00a0 CAKE\u00a0 KUSH<\/td><\/tr><tr><td width=\"520\">CRANGE\u00a0 CRUSH<\/td><\/tr><\/tbody><\/table><p>\u00a0<\/p>\n\t\t\t\t\t<\/div>\n\t\t\t\t\t\t<\/div>\n\t\t\t\t<\/div>\n\t\t\t\t<div class=\"elementor-element elementor-element-8b23780 elementor-widget__width-initial elementor-widget elementor-widget-wd_image_or_svg\" data-id=\"8b23780\" data-element_type=\"widget\" data-widget_type=\"wd_image_or_svg.default\">\n\t\t\t\t<div class=\"elementor-widget-container\">\n\t\t\t\t\t\n\t\t<div class=\"wd-image text-left\">\n\t\t\t\t\t\t\t\t<img fetchpriority=\"high\" decoding=\"async\" width=\"1000\" height=\"1000\" src=\"https:\/\/www.leerervape.com\/wp-content\/uploads\/2025\/11\/24-9.jpg\" class=\"attachment-full size-full\" alt=\"\" srcset=\"https:\/\/www.leerervape.com\/wp-content\/uploads\/2025\/11\/24-9.jpg 1000w, https:\/\/www.leerervape.com\/wp-content\/uploads\/2025\/11\/24-9-300x300.jpg 300w, https:\/\/www.leerervape.com\/wp-content\/uploads\/2025\/11\/24-9-800x800.jpg 800w, https:\/\/www.leerervape.com\/wp-content\/uploads\/2025\/11\/24-9-150x150.jpg 150w, https:\/\/www.leerervape.com\/wp-content\/uploads\/2025\/11\/24-9-768x768.jpg 768w, https:\/\/www.leerervape.com\/wp-content\/uploads\/2025\/11\/24-9-12x12.jpg 12w, https:\/\/www.leerervape.com\/wp-content\/uploads\/2025\/11\/24-9-430x430.jpg 430w, https:\/\/www.leerervape.com\/wp-content\/uploads\/2025\/11\/24-9-700x700.jpg 700w\" sizes=\"(max-width: 1000px) 100vw, 1000px\" \/>\t\t\t\t\t<\/div>\n\n\t\t\t\t\t\t<\/div>\n\t\t\t\t<\/div>\n\t\t\t\t\t<\/div>\n\t\t\t\t<\/div>\n\t\t\t\t<\/div>","protected":false},"excerpt":{"rendered":"<p>Die Clean Carts 2g Einweg-Vape steht f\u00fcr Premium-Qualit\u00e4t, modernes Design und erstklassige Verarbeitung. Dieses Ger\u00e4t kommt ohne vorgef\u00fclltes \u00d6l und<\/p>","protected":false},"featured_media":16445,"comment_status":"open","ping_status":"closed","template":"","meta":[],"product_brand":[153],"product_cat":[30,152,151],"product_tag":[],"class_list":{"0":"post-16443","1":"product","2":"type-product","3":"status-publish","4":"has-post-thumbnail","6":"product_brand-clean-carts-vape","7":"product_cat-leerer-2g-vape","8":"product_cat-clean-carts-einweg-vapes-im-grosshandel","9":"product_cat-clean-carts-vape","11":"first","12":"instock","13":"sale","14":"shipping-taxable","15":"purchasable","16":"product-type-simple"},"_links":{"self":[{"href":"https:\/\/www.leerervape.com\/en\/wp-json\/wp\/v2\/product\/16443","targetHints":{"allow":["GET"]}}],"collection":[{"href":"https:\/\/www.leerervape.com\/en\/wp-json\/wp\/v2\/product"}],"about":[{"href":"https:\/\/www.leerervape.com\/en\/wp-json\/wp\/v2\/types\/product"}],"replies":[{"embeddable":true,"href":"https:\/\/www.leerervape.com\/en\/wp-json\/wp\/v2\/comments?post=16443"}],"version-history":[{"count":5,"href":"https:\/\/www.leerervape.com\/en\/wp-json\/wp\/v2\/product\/16443\/revisions"}],"predecessor-version":[{"id":18591,"href":"https:\/\/www.leerervape.com\/en\/wp-json\/wp\/v2\/product\/16443\/revisions\/18591"}],"wp:featuredmedia":[{"embeddable":true,"href":"https:\/\/www.leerervape.com\/en\/wp-json\/wp\/v2\/media\/16445"}],"wp:attachment":[{"href":"https:\/\/www.leerervape.com\/en\/wp-json\/wp\/v2\/media?parent=16443"}],"wp:term":[{"taxonomy":"product_brand","embeddable":true,"href":"https:\/\/www.leerervape.com\/en\/wp-json\/wp\/v2\/product_brand?post=16443"},{"taxonomy":"product_cat","embeddable":true,"href":"https:\/\/www.leerervape.com\/en\/wp-json\/wp\/v2\/product_cat?post=16443"},{"taxonomy":"product_tag","embeddable":true,"href":"https:\/\/www.leerervape.com\/en\/wp-json\/wp\/v2\/product_tag?post=16443"}],"curies":[{"name":"wp","href":"https:\/\/api.w.org\/{rel}","templated":true}]}}