{"id":16420,"date":"2025-11-12T07:32:22","date_gmt":"2025-11-12T07:32:22","guid":{"rendered":"https:\/\/www.leerervape.com\/?post_type=product&#038;p=16420"},"modified":"2025-11-12T07:40:12","modified_gmt":"2025-11-12T07:40:12","slug":"krt-2g-einweg","status":"publish","type":"product","link":"https:\/\/www.leerervape.com\/en\/product\/krt-2g-einweg\/","title":{"rendered":"best top vape pen bulk | krt 2g disposable"},"content":{"rendered":"<p>The KRT 2g disposable e-liquid represents premium quality, modern design, and first-class workmanship. This device comes without pre-filled oil, allowing users to use their own e-liquids or concentrates without compromising performance. Thanks to its advanced mesh coil technology, the KRT 2g delivers intense, clear flavor and dense vapor with every puff.<\/p>","protected":false},"excerpt":{"rendered":"<p>Die KRT 2g Einweg steht f\u00fcr Premium-Qualit\u00e4t, modernes Design und erstklassige Verarbeitung. Dieses Ger\u00e4t kommt ohne vorgef\u00fclltes \u00d6l, sodass Nutzer<\/p>","protected":false},"featured_media":16422,"comment_status":"open","ping_status":"closed","template":"","meta":[],"product_brand":[],"product_cat":[30,145,144],"product_tag":[],"class_list":{"0":"post-16420","1":"product","2":"type-product","3":"status-publish","4":"has-post-thumbnail","6":"product_cat-leerer-2g-vape","7":"product_cat-krt-einweg-vape","8":"product_cat-krt-vapes-im-grosshandel","10":"first","11":"instock","12":"sale","13":"shipping-taxable","14":"purchasable","15":"product-type-simple"},"_links":{"self":[{"href":"https:\/\/www.leerervape.com\/en\/wp-json\/wp\/v2\/product\/16420","targetHints":{"allow":["GET"]}}],"collection":[{"href":"https:\/\/www.leerervape.com\/en\/wp-json\/wp\/v2\/product"}],"about":[{"href":"https:\/\/www.leerervape.com\/en\/wp-json\/wp\/v2\/types\/product"}],"replies":[{"embeddable":true,"href":"https:\/\/www.leerervape.com\/en\/wp-json\/wp\/v2\/comments?post=16420"}],"version-history":[{"count":1,"href":"https:\/\/www.leerervape.com\/en\/wp-json\/wp\/v2\/product\/16420\/revisions"}],"predecessor-version":[{"id":16430,"href":"https:\/\/www.leerervape.com\/en\/wp-json\/wp\/v2\/product\/16420\/revisions\/16430"}],"wp:featuredmedia":[{"embeddable":true,"href":"https:\/\/www.leerervape.com\/en\/wp-json\/wp\/v2\/media\/16422"}],"wp:attachment":[{"href":"https:\/\/www.leerervape.com\/en\/wp-json\/wp\/v2\/media?parent=16420"}],"wp:term":[{"taxonomy":"product_brand","embeddable":true,"href":"https:\/\/www.leerervape.com\/en\/wp-json\/wp\/v2\/product_brand?post=16420"},{"taxonomy":"product_cat","embeddable":true,"href":"https:\/\/www.leerervape.com\/en\/wp-json\/wp\/v2\/product_cat?post=16420"},{"taxonomy":"product_tag","embeddable":true,"href":"https:\/\/www.leerervape.com\/en\/wp-json\/wp\/v2\/product_tag?post=16420"}],"curies":[{"name":"wp","href":"https:\/\/api.w.org\/{rel}","templated":true}]}}