{"id":16099,"date":"2025-11-06T11:04:48","date_gmt":"2025-11-06T11:04:48","guid":{"rendered":"https:\/\/leerervape.com\/?post_type=product&#038;p=16099"},"modified":"2026-04-14T03:28:58","modified_gmt":"2026-04-14T03:28:58","slug":"top-grosshandelsbestand-an-einweg-vapes-donuts-switch-v3-dual-chamber-1g1g","status":"publish","type":"product","link":"https:\/\/www.leerervape.com\/en\/product\/top-grosshandelsbestand-an-einweg-vapes-donuts-switch-v3-dual-chamber-1g1g\/","title":{"rendered":"top wholesale disposable vape stock | donuts switch v3 dual chamber 1g+1g"},"content":{"rendered":"<div data-elementor-type=\"product-post\" data-elementor-id=\"16099\" class=\"elementor elementor-16099\" data-elementor-post-type=\"product\">\n\t\t\t\t<div class=\"wd-negative-gap elementor-element elementor-element-3284270a e-flex e-con-boxed e-con e-parent\" data-id=\"3284270a\" data-element_type=\"container\">\n\t\t\t\t\t<div class=\"e-con-inner\">\n\t\t\t\t<div class=\"elementor-element elementor-element-474bab82 color-scheme-inherit text-left elementor-widget elementor-widget-text-editor\" data-id=\"474bab82\" data-element_type=\"widget\" data-widget_type=\"text-editor.default\">\n\t\t\t\t<div class=\"elementor-widget-container\">\n\t\t\t\t\t\t\t\t\t<div id=\"tw-target-text-container\" class=\"tw-ta-container tw-nfl\" tabindex=\"0\" role=\"text\"><pre id=\"tw-target-text\" class=\"tw-data-text tw-text-large tw-ta\" dir=\"ltr\" tabindex=\"-1\" role=\"text\" data-placeholder=\"\u7ffb\u8bd1\" data-ved=\"2ahUKEwjzg5n8-9yQAxXHlGoFHXLrMrsQ3ewLegQIDRAU\" aria-label=\"\u8bd1\u6587\uff1aDie Donuts Switch V3 Dual Chamber 1g+1g ist eine Premium-Einweg-E-Zigarette mit zwei Kammern, die speziell f\u00fcr Geschmacksliebhaber entwickelt wurde. Dank zweier separater 1-g-Kammern genie\u00dfen Sie zwei unterschiedliche Aromen in einem eleganten Ger\u00e4t \u2013 f\u00fcr ein perfekt ausbalanciertes und individuell anpassbares Dampferlebnis. Die fortschrittliche Heiztechnologie sorgt f\u00fcr gleichm\u00e4\u00dfigen, sanften Dampf, w\u00e4hrend das ergonomische Design die Nutzung unterwegs komfortabel und praktisch macht. Mit intensivem Geschmack, dichten Wolken und unkomplizierter Bedienung ist die Donuts Switch V3 ideal f\u00fcr Dampfer, die Wert auf Vielfalt und Qualit\u00e4t bei jedem Zug legen.\"><span class=\"Y2IQFc\" lang=\"de\">Donuts Switch V3 Dual Chamber 1g+1g is a premium dual-chamber disposable vape designed for flavor enthusiasts. Featuring two separate 1g chambers, it lets you enjoy two distinct flavors in one sleek device, delivering a perfectly balanced and customizable vaping experience. Its advanced heating technology ensures smooth, consistent vapor, while the ergonomic design makes it comfortable and convenient to use on the go. With rich flavor, satisfying clouds, and hassle-free operation, the Donuts Switch V3 is ideal for vapers seeking both variety and quality in every puff.<\/span><\/pre><\/div>\t\t\t\t\t\t\t\t<\/div>\n\t\t\t\t<\/div>\n\t\t\t\t\t<\/div>\n\t\t\t\t<\/div>\n\t\t<div class=\"wd-negative-gap elementor-element elementor-element-52052b31 e-flex e-con-boxed e-con e-parent\" data-id=\"52052b31\" data-element_type=\"container\">\n\t\t\t\t\t<div class=\"e-con-inner\">\n\t\t\t\t<div class=\"elementor-element elementor-element-51570ffe elementor-widget__width-initial elementor-widget elementor-widget-wd_text_block\" data-id=\"51570ffe\" data-element_type=\"widget\" data-widget_type=\"wd_text_block.default\">\n\t\t\t\t<div class=\"elementor-widget-container\">\n\t\t\t\t\t\t\t<div class=\"wd-text-block reset-last-child text-left\">\n\t\t\t\n\t\t\t<h1>Donuts Switch V3 10 dual flavors<\/h1><table style=\"border-collapse: collapse; width: 390.02pt;\" border=\"0\" width=\"520\" cellspacing=\"0\" cellpadding=\"0\"><tbody><tr style=\"height: 17.00pt;\"><td class=\"et4\" style=\"height: 17.00pt; width: 390.60pt;\" width=\"520\" height=\"22\">EUROZ+JETFUEL<\/td><\/tr><tr style=\"height: 17.00pt;\"><td class=\"et5\" style=\"height: 17.00pt;\" height=\"22\">GUMMY BEAR + COTTON CANDY<\/td><\/tr><tr style=\"height: 17.00pt;\"><td class=\"et5\" style=\"height: 17.00pt;\" height=\"22\">FROSTED BERRIES + MELTED ICE CREAM<\/td><\/tr><tr style=\"height: 17.00pt;\"><td class=\"et5\" style=\"height: 17.00pt;\" height=\"22\">SUGAR MELON + APPLE FRITTER<\/td><\/tr><tr style=\"height: 17.00pt;\"><td class=\"et5\" style=\"height: 17.00pt;\" height=\"22\">CHERRY CHEM + PINEAPPLE HAZE<\/td><\/tr><tr style=\"height: 17.00pt;\"><td class=\"et5\" style=\"height: 17.00pt;\" height=\"22\">GRAPE SODA + PURPLE PAPAYA<\/td><\/tr><tr style=\"height: 17.00pt;\"><td class=\"et5\" style=\"height: 17.00pt;\" height=\"22\">BUBBLEGUM GELATO + PEACH RINGZ<\/td><\/tr><tr style=\"height: 17.00pt;\"><td class=\"et4\" style=\"height: 17.00pt; width: 390.60pt;\" width=\"520\" height=\"22\">SOUR DIESEL + NORTHERN LIGHTS<\/td><\/tr><tr style=\"height: 17.00pt;\"><td class=\"et4\" style=\"height: 17.00pt; width: 390.60pt;\" width=\"520\" height=\"22\">WATERMELON ZKITTLES + PASSION FRUIT<\/td><\/tr><tr style=\"height: 17.00pt;\"><td class=\"et6\" style=\"height: 17.00pt; width: 390.60pt;\" width=\"520\" height=\"22\">BUBBA KUSH + JOLLY RANCHERZ<\/td><\/tr><\/tbody><\/table>\n\t\t\t\t\t<\/div>\n\t\t\t\t\t\t<\/div>\n\t\t\t\t<\/div>\n\t\t\t\t<div class=\"elementor-element elementor-element-c4eb959 elementor-widget__width-initial elementor-widget elementor-widget-wd_image_or_svg\" data-id=\"c4eb959\" data-element_type=\"widget\" data-widget_type=\"wd_image_or_svg.default\">\n\t\t\t\t<div class=\"elementor-widget-container\">\n\t\t\t\t\t\n\t\t<div class=\"wd-image text-left\">\n\t\t\t\t\t\t\t\t<img fetchpriority=\"high\" decoding=\"async\" width=\"1000\" height=\"1000\" src=\"https:\/\/www.leerervape.com\/wp-content\/uploads\/2025\/11\/28-3.jpg\" class=\"attachment-full size-full\" alt=\"\" srcset=\"https:\/\/www.leerervape.com\/wp-content\/uploads\/2025\/11\/28-3.jpg 1000w, https:\/\/www.leerervape.com\/wp-content\/uploads\/2025\/11\/28-3-300x300.jpg 300w, https:\/\/www.leerervape.com\/wp-content\/uploads\/2025\/11\/28-3-800x800.jpg 800w, https:\/\/www.leerervape.com\/wp-content\/uploads\/2025\/11\/28-3-150x150.jpg 150w, https:\/\/www.leerervape.com\/wp-content\/uploads\/2025\/11\/28-3-768x768.jpg 768w, https:\/\/www.leerervape.com\/wp-content\/uploads\/2025\/11\/28-3-12x12.jpg 12w, https:\/\/www.leerervape.com\/wp-content\/uploads\/2025\/11\/28-3-430x430.jpg 430w, https:\/\/www.leerervape.com\/wp-content\/uploads\/2025\/11\/28-3-700x700.jpg 700w\" sizes=\"(max-width: 1000px) 100vw, 1000px\" \/>\t\t\t\t\t<\/div>\n\n\t\t\t\t\t\t<\/div>\n\t\t\t\t<\/div>\n\t\t\t\t\t<\/div>\n\t\t\t\t<\/div>\n\t\t\t\t<\/div>","protected":false},"excerpt":{"rendered":"<p>Die Donuts Switch V3 Dual Chamber 1g+1g ist eine Premium-Einweg-E-Zigarette mit zwei Kammern, die speziell f\u00fcr Geschmacksliebhaber entwickelt wurde. Dank<\/p>","protected":false},"featured_media":16100,"comment_status":"open","ping_status":"closed","template":"","meta":[],"product_brand":[172],"product_cat":[136,135,30,46,28],"product_tag":[],"class_list":{"0":"post-16099","1":"product","2":"type-product","3":"status-publish","4":"has-post-thumbnail","6":"product_brand-donuts-vape","7":"product_cat-donuts-einweg-vape-grosspackung","8":"product_cat-donuts-vape-grosspackung","9":"product_cat-leerer-2g-vape","10":"product_cat-leerer-doppelkammer-vape","11":"product_cat-leerer-led-vape","13":"first","14":"instock","15":"sale","16":"shipping-taxable","17":"purchasable","18":"product-type-simple"},"_links":{"self":[{"href":"https:\/\/www.leerervape.com\/en\/wp-json\/wp\/v2\/product\/16099","targetHints":{"allow":["GET"]}}],"collection":[{"href":"https:\/\/www.leerervape.com\/en\/wp-json\/wp\/v2\/product"}],"about":[{"href":"https:\/\/www.leerervape.com\/en\/wp-json\/wp\/v2\/types\/product"}],"replies":[{"embeddable":true,"href":"https:\/\/www.leerervape.com\/en\/wp-json\/wp\/v2\/comments?post=16099"}],"version-history":[{"count":4,"href":"https:\/\/www.leerervape.com\/en\/wp-json\/wp\/v2\/product\/16099\/revisions"}],"predecessor-version":[{"id":18621,"href":"https:\/\/www.leerervape.com\/en\/wp-json\/wp\/v2\/product\/16099\/revisions\/18621"}],"wp:featuredmedia":[{"embeddable":true,"href":"https:\/\/www.leerervape.com\/en\/wp-json\/wp\/v2\/media\/16100"}],"wp:attachment":[{"href":"https:\/\/www.leerervape.com\/en\/wp-json\/wp\/v2\/media?parent=16099"}],"wp:term":[{"taxonomy":"product_brand","embeddable":true,"href":"https:\/\/www.leerervape.com\/en\/wp-json\/wp\/v2\/product_brand?post=16099"},{"taxonomy":"product_cat","embeddable":true,"href":"https:\/\/www.leerervape.com\/en\/wp-json\/wp\/v2\/product_cat?post=16099"},{"taxonomy":"product_tag","embeddable":true,"href":"https:\/\/www.leerervape.com\/en\/wp-json\/wp\/v2\/product_tag?post=16099"}],"curies":[{"name":"wp","href":"https:\/\/api.w.org\/{rel}","templated":true}]}}