{"id":15992,"date":"2025-10-31T02:10:54","date_gmt":"2025-10-31T02:10:54","guid":{"rendered":"https:\/\/leerervape.com\/?post_type=product&#038;p=15992"},"modified":"2026-04-14T03:37:37","modified_gmt":"2026-04-14T03:37:37","slug":"grosshandel-beste-einwegprodukte-sluggers-1g1g-vape","status":"publish","type":"product","link":"https:\/\/www.leerervape.com\/en\/product\/grosshandel-beste-einwegprodukte-sluggers-1g1g-vape\/","title":{"rendered":"wholesale best disposable | sluggers 1g+1g vape"},"content":{"rendered":"<div data-elementor-type=\"product-post\" data-elementor-id=\"15992\" class=\"elementor elementor-15992\" data-elementor-post-type=\"product\">\n\t\t\t\t<div class=\"wd-negative-gap elementor-element elementor-element-7913b3a9 e-flex e-con-boxed e-con e-parent\" data-id=\"7913b3a9\" data-element_type=\"container\">\n\t\t\t\t\t<div class=\"e-con-inner\">\n\t\t\t\t<div class=\"elementor-element elementor-element-ed6d80a color-scheme-inherit text-left elementor-widget elementor-widget-text-editor\" data-id=\"ed6d80a\" data-element_type=\"widget\" data-widget_type=\"text-editor.default\">\n\t\t\t\t<div class=\"elementor-widget-container\">\n\t\t\t\t\t\t\t\t\t<p>The Sluggers 1g+1g Vape features dual flavor options and smooth vapor output, delivering a premium, long-lasting experience in a stylish, compact design.<\/p>\t\t\t\t\t\t\t\t<\/div>\n\t\t\t\t<\/div>\n\t\t\t\t\t<\/div>\n\t\t\t\t<\/div>\n\t\t<div class=\"wd-negative-gap elementor-element elementor-element-72491865 e-flex e-con-boxed e-con e-parent\" data-id=\"72491865\" data-element_type=\"container\">\n\t\t\t\t\t<div class=\"e-con-inner\">\n\t\t\t\t<div class=\"elementor-element elementor-element-e436642 elementor-widget__width-initial elementor-widget elementor-widget-wd_text_block\" data-id=\"e436642\" data-element_type=\"widget\" data-widget_type=\"wd_text_block.default\">\n\t\t\t\t<div class=\"elementor-widget-container\">\n\t\t\t\t\t\t\t<div class=\"wd-text-block reset-last-child text-left\">\n\t\t\t\n\t\t\t<h1>Sluggers 10 dual flavors<\/h1><table style=\"border-collapse: collapse; width: 390.02pt;\" border=\"0\" width=\"520\" cellspacing=\"0\" cellpadding=\"0\"><tbody><tr style=\"height: 17.00pt;\"><td class=\"et4\" style=\"height: 17.00pt; width: 390.60pt;\" width=\"520\" height=\"22\">red pomegranate+punchbowl kush<\/td><\/tr><tr style=\"height: 17.00pt;\"><td class=\"et4\" style=\"height: 17.00pt;\" height=\"22\">bergamot+forbidden gelato<\/td><\/tr><tr style=\"height: 17.00pt;\"><td class=\"et4\" style=\"height: 17.00pt;\" height=\"22\">passionfruit+pop rocks<\/td><\/tr><tr style=\"height: 17.00pt;\"><td class=\"et4\" style=\"height: 17.00pt;\" height=\"22\">pink apple+lemon nade party<\/td><\/tr><tr style=\"height: 17.00pt;\"><td class=\"et4\" style=\"height: 17.00pt;\" height=\"22\">strawberry milk+melon gelato<\/td><\/tr><tr style=\"height: 17.00pt;\"><td class=\"et4\" style=\"height: 17.00pt;\" height=\"22\">black cherry gelato+goji razz<\/td><\/tr><tr style=\"height: 17.00pt;\"><td class=\"et4\" style=\"height: 17.00pt;\" height=\"22\">ice cream+candy fumez<\/td><\/tr><tr style=\"height: 17.00pt;\"><td class=\"et4\" style=\"height: 17.00pt;\" height=\"22\">black mamba+grape ape<\/td><\/tr><tr style=\"height: 17.00pt;\"><td class=\"et4\" style=\"height: 17.00pt;\" height=\"22\">sugar spritz+orange juice<\/td><\/tr><tr style=\"height: 17.00pt;\"><td class=\"et4\" style=\"height: 17.00pt;\" height=\"22\">huckleberry celato+marshmallow og<\/td><\/tr><\/tbody><\/table><p>\u00a0<\/p>\n\t\t\t\t\t<\/div>\n\t\t\t\t\t\t<\/div>\n\t\t\t\t<\/div>\n\t\t\t\t<div class=\"elementor-element elementor-element-3a1e6a6b elementor-widget__width-initial elementor-widget elementor-widget-wd_image_or_svg\" data-id=\"3a1e6a6b\" data-element_type=\"widget\" data-widget_type=\"wd_image_or_svg.default\">\n\t\t\t\t<div class=\"elementor-widget-container\">\n\t\t\t\t\t\n\t\t<div class=\"wd-image text-left\">\n\t\t\t\t\t\t\t\t<img fetchpriority=\"high\" decoding=\"async\" width=\"1000\" height=\"1000\" src=\"https:\/\/www.leerervape.com\/wp-content\/uploads\/2025\/10\/27-3.jpg\" class=\"attachment-full size-full\" alt=\"\" srcset=\"https:\/\/www.leerervape.com\/wp-content\/uploads\/2025\/10\/27-3.jpg 1000w, https:\/\/www.leerervape.com\/wp-content\/uploads\/2025\/10\/27-3-300x300.jpg 300w, https:\/\/www.leerervape.com\/wp-content\/uploads\/2025\/10\/27-3-800x800.jpg 800w, https:\/\/www.leerervape.com\/wp-content\/uploads\/2025\/10\/27-3-150x150.jpg 150w, https:\/\/www.leerervape.com\/wp-content\/uploads\/2025\/10\/27-3-768x768.jpg 768w, https:\/\/www.leerervape.com\/wp-content\/uploads\/2025\/10\/27-3-12x12.jpg 12w, https:\/\/www.leerervape.com\/wp-content\/uploads\/2025\/10\/27-3-430x430.jpg 430w, https:\/\/www.leerervape.com\/wp-content\/uploads\/2025\/10\/27-3-700x700.jpg 700w\" sizes=\"(max-width: 1000px) 100vw, 1000px\" \/>\t\t\t\t\t<\/div>\n\n\t\t\t\t\t\t<\/div>\n\t\t\t\t<\/div>\n\t\t\t\t\t<\/div>\n\t\t\t\t<\/div>\n\t\t\t\t<\/div>","protected":false},"excerpt":{"rendered":"<p>Der Sluggers 1g+1g Vape bietet zwei Geschmacksoptionen und eine gleichm\u00e4\u00dfige Dampfentwicklung und sorgt so f\u00fcr ein erstklassiges, langanhaltendes Erlebnis in<\/p>","protected":false},"featured_media":15993,"comment_status":"open","ping_status":"closed","template":"","meta":[],"product_brand":[87],"product_cat":[30,46,28,105,104],"product_tag":[],"class_list":{"0":"post-15992","1":"product","2":"type-product","3":"status-publish","4":"has-post-thumbnail","6":"product_brand-sluggers-vape","7":"product_cat-leerer-2g-vape","8":"product_cat-leerer-doppelkammer-vape","9":"product_cat-leerer-led-vape","10":"product_cat-sluggers-einweg","11":"product_cat-sluggers-leere-vape","13":"first","14":"instock","15":"shipping-taxable","16":"product-type-simple"},"_links":{"self":[{"href":"https:\/\/www.leerervape.com\/en\/wp-json\/wp\/v2\/product\/15992","targetHints":{"allow":["GET"]}}],"collection":[{"href":"https:\/\/www.leerervape.com\/en\/wp-json\/wp\/v2\/product"}],"about":[{"href":"https:\/\/www.leerervape.com\/en\/wp-json\/wp\/v2\/types\/product"}],"replies":[{"embeddable":true,"href":"https:\/\/www.leerervape.com\/en\/wp-json\/wp\/v2\/comments?post=15992"}],"version-history":[{"count":5,"href":"https:\/\/www.leerervape.com\/en\/wp-json\/wp\/v2\/product\/15992\/revisions"}],"predecessor-version":[{"id":18644,"href":"https:\/\/www.leerervape.com\/en\/wp-json\/wp\/v2\/product\/15992\/revisions\/18644"}],"wp:featuredmedia":[{"embeddable":true,"href":"https:\/\/www.leerervape.com\/en\/wp-json\/wp\/v2\/media\/15993"}],"wp:attachment":[{"href":"https:\/\/www.leerervape.com\/en\/wp-json\/wp\/v2\/media?parent=15992"}],"wp:term":[{"taxonomy":"product_brand","embeddable":true,"href":"https:\/\/www.leerervape.com\/en\/wp-json\/wp\/v2\/product_brand?post=15992"},{"taxonomy":"product_cat","embeddable":true,"href":"https:\/\/www.leerervape.com\/en\/wp-json\/wp\/v2\/product_cat?post=15992"},{"taxonomy":"product_tag","embeddable":true,"href":"https:\/\/www.leerervape.com\/en\/wp-json\/wp\/v2\/product_tag?post=15992"}],"curies":[{"name":"wp","href":"https:\/\/api.w.org\/{rel}","templated":true}]}}